{"id":823,"date":"2025-11-03T18:41:30","date_gmt":"2025-11-03T18:41:30","guid":{"rendered":"https:\/\/kendallkidneycenter.org\/?page_id=823"},"modified":"2025-11-06T22:04:59","modified_gmt":"2025-11-06T22:04:59","slug":"potassium-diet","status":"publish","type":"page","link":"https:\/\/kendallkidneycenter.org\/es\/diet-nutrition\/potassium-diet\/","title":{"rendered":"Potasio en tu dieta"},"content":{"rendered":"<div class=\"wp-block-group alignfull has-background-color has-foreground-background-color has-text-color has-background has-global-padding is-layout-constrained wp-container-core-group-is-layout-25b4359b wp-block-group-is-layout-constrained\" style=\"margin-top:0px;margin-bottom:0;padding-top:0;padding-right:0;padding-bottom:0;padding-left:0\">\n<div class=\"wp-block-media-text alignfull is-stacked-on-mobile has-custom-white-color has-tertiary-background-color has-text-color has-background\" style=\"grid-template-columns:40% auto\"><figure class=\"wp-block-media-text__media\"><img loading=\"lazy\" decoding=\"async\" width=\"2000\" height=\"1333\" src=\"https:\/\/kendallkidneycenter.org\/wp-content\/uploads\/2025\/11\/KidneyCenterPhotos-182-2000x1333.jpg\" alt=\"\" class=\"wp-image-963 size-full\" srcset=\"https:\/\/kendallkidneycenter.org\/wp-content\/uploads\/2025\/11\/KidneyCenterPhotos-182-2000x1333.jpg 2000w, https:\/\/kendallkidneycenter.org\/wp-content\/uploads\/2025\/11\/KidneyCenterPhotos-182-900x600.jpg 900w, https:\/\/kendallkidneycenter.org\/wp-content\/uploads\/2025\/11\/KidneyCenterPhotos-182-2048x1365.jpg 2048w, https:\/\/kendallkidneycenter.org\/wp-content\/uploads\/2025\/11\/KidneyCenterPhotos-182-768x512.jpg 768w, https:\/\/kendallkidneycenter.org\/wp-content\/uploads\/2025\/11\/KidneyCenterPhotos-182-1536x1024.jpg 1536w, https:\/\/kendallkidneycenter.org\/wp-content\/uploads\/2025\/11\/KidneyCenterPhotos-182-18x12.jpg 18w, https:\/\/kendallkidneycenter.org\/wp-content\/uploads\/2025\/11\/KidneyCenterPhotos-182-300x200.jpg 300w, https:\/\/kendallkidneycenter.org\/wp-content\/uploads\/2025\/11\/KidneyCenterPhotos-182-1024x683.jpg 1024w\" sizes=\"auto, (max-width: 2000px) 100vw, 2000px\" \/><\/figure><div class=\"wp-block-media-text__content\">\n<div class=\"wp-block-group alignwide has-global-padding is-content-justification-left is-layout-constrained wp-container-core-group-is-layout-9c6daf00 wp-block-group-is-layout-constrained\" style=\"padding-top:var(--wp--preset--spacing--60);padding-right:0;padding-bottom:var(--wp--preset--spacing--60);padding-left:0px\">\n<h1 class=\"wp-block-heading has-background-color has-text-color has-jost-font-family has-xx-large-font-size\" style=\"margin-top:0px;margin-left:0;padding-top:0px;padding-bottom:0px\" data-aos=\"fade-up\" data-aos-duration=\"1050\">Potasio en tu dieta<\/h1>\n<\/div>\n<\/div><\/div>\n<\/div>\n\n\n\n<div class=\"wp-block-group is-layout-flow wp-block-group-is-layout-flow\" style=\"padding-top:var(--wp--preset--spacing--40);padding-bottom:var(--wp--preset--spacing--40)\" data-aos=\"fade-up\" data-aos-duration=\"900\">\n<h2 class=\"wp-block-heading\">Acerca del potasio<\/h2>\n\n\n\n<p>El potasio es un mineral importante presente en tu cuerpo que es responsable de muchas funciones. Las personas con enfermedad renal tienen riesgo de tener niveles de potasio fuera del rango objetivo (ya sea demasiado alto o demasiado bajo). Para mantener tus niveles de potasio dentro del rango objetivo, es posible que necesites vigilar la cantidad de potasio que consumes a lo largo del d\u00eda. Para obtener m\u00e1s informaci\u00f3n sobre el potasio, visita la NKF.&nbsp;<a href=\"https:\/\/www.kidney.org\/atoz\/content\/about-potassium\">Potassium AtoZ page<\/a>.<\/p>\n\n\n\n<p>Si tienes el potasio alto (hiperpotasemia), tu proveedor de salud puede aconsejarte limitar ciertos alimentos que son m\u00e1s ricos en potasio. Si tienes el potasio bajo (hipopotasemia), se te puede recomendar lo contrario: aumentar la cantidad de potasio que consumes en tu dieta.<\/p>\n\n\n\n<h2 class=\"wp-block-heading\">Alimentos altos en potasio y opciones bajas en potasio<\/h2>\n\n\n\n<p>Casi todos los alimentos contienen algo de potasio. Un alimento que se considera \u201calto en potasio\u201d generalmente tiene 200 mg o m\u00e1s de potasio por porci\u00f3n. Aunque cualquier alimento que cumpla con este criterio se considera \u201calto en potasio\u201d, algunos tendr\u00e1n m\u00e1s potasio que otros. Esto significa que el tama\u00f1o de la porci\u00f3n que consumes es muy importante. Una gran cantidad de un alimento bajo en potasio puede f\u00e1cilmente convertirlo en un alimento alto en potasio.<\/p>\n\n\n\n<p>La tabla a continuaci\u00f3n incluye algunos de los alimentos m\u00e1s comunes que son altos en potasio (a la izquierda) y algunas opciones que son m\u00e1s bajas en potasio (a la derecha). Tu dietista tambi\u00e9n puede ayudarte a identificar cu\u00e1nto potasio hay en tus alimentos favoritos. Juntos, pueden elaborar un plan de alimentaci\u00f3n saludable que te ayude a obtener la cantidad adecuada de potasio en tu dieta.<\/p>\n\n\n\n<figure class=\"wp-block-table\"><table class=\"has-fixed-layout\"><tbody><tr><td><strong>Alimentos con mayor contenido de potasio<\/strong>(M\u00e1s de 200 mg de potasio por porci\u00f3n)<\/td><td><strong>Alimentos con menor contenido de potasio<\/strong>(Menos de 200 mg de potasio por porci\u00f3n)<\/td><\/tr><tr><td colspan=\"2\"><strong>FRUTAS&nbsp;<\/strong>1 serving =&nbsp;\u00bd cup (unless otherwise stated)&nbsp;<\/td><\/tr><tr><td>Albaricoques (crudos = 2 medianos; secos = 5 mitades) Aguacate (1\/4 de uno entero) Pl\u00e1tano (1\/2 de uno entero) Mel\u00f3n cantalupo D\u00e1tiles (5 enteros) Higos secos Frutas secas Zumo de pomelo Mel\u00f3n dulce Kiwi (1 mediano) Mango (1 mediano) Nectarina (1 mediana) Naranja (1 mediana) Zumo de naranja Papaya (1\/2 de uno entero) Granada (1 entera) Zumo de granada Ciruelas pasas y zumo de ciruelas pasas Pasas<\/td><td>Manzana (1 mediana) Pur\u00e9 de manzana y jugo de manzana Albaricoques (enlatados en jugo) Moras Ar\u00e1ndanos Cerezas Ar\u00e1ndanos rojos C\u00f3ctel de frutas Uvas y jugo de uva Pomelo (1\/2 entero) Mandarinas Duraznos (crudos = 1 peque\u00f1o; enlatados = \u00bd taza) Peras (crudas = 1 peque\u00f1a; enlatadas = \u00bd taza) Pi\u00f1a y jugo de pi\u00f1a Ciruela (1 entera) Frambuesas Fresas Mandarina (1 entera) Sand\u00eda (limitar a 1 taza)<\/td><\/tr><tr><td colspan=\"2\"><strong>VERDURAS&nbsp;<\/strong>1 porci\u00f3n = \u00bd taza (a menos que se indique lo contrario)<\/td><\/tr><tr><td>Calabaza bellota, Alcachofa, Brotes de bamb\u00fa, Frijoles (horneados, negros, secos o refritos), Calabaza butternut, Remolacha, Br\u00f3coli (cocido), Coles de Bruselas, Zanahorias crudas, Repollo chino, Verduras de hoja verde (excepto col rizada), Calabaza Hubbard, Colinabo, Lentejas, Legumbres, Champi\u00f1ones blancos (cocidos), Quimbomb\u00f3, Chiriv\u00edas, Guisantes secos, Papas (blancas y dulces), Calabaza, Colinabos, Algas marinas, Espinacas (cocidas), Tomates y productos derivados del tomate, Jugos de verduras.<\/td><td>Brotes de alfalfa, esp\u00e1rragos (crudos = 6 tallos), frijoles (verdes o amarillos), br\u00f3coli (crudo), repollo (verde o rojo), coliflor, apio (1 tallo), ma\u00edz (fresco = \u00bd mazorca; congelado = \u00bd taza), pepino, berenjena, col rizada, lechuga, verduras mixtas, champi\u00f1ones blancos (crudos), cebollas, perejil, guisantes (verdes), pimientos, r\u00e1banos, ruibarbo, casta\u00f1as de agua (enlatadas), berros, calabaza amarilla, calabac\u00edn.<\/td><\/tr><tr><td colspan=\"2\"><strong>OTROS ALIMENTOS&nbsp;<\/strong>1 porci\u00f3n = \u00bd taza (a menos que se indique lo contrario)<\/td><\/tr><tr><td>Carne de res (85 g) Salvado y productos derivados Pollo (85 g) Chocolate (43-56 g) Granola Leche (todos los tipos = 1 taza) Melaza (1 cucharada) Nueces y semillas (28 g) Mantequilla de man\u00ed (2 cucharadas) Salm\u00f3n (85 g) Sustitutos de sal \/ sal ligera Caldo sin sal Yogur Germen de trigo<\/td><\/tr><\/tbody><\/table><\/figure>\n\n\n\n<h2 class=\"wp-block-heading\">Consideraciones adicionales<\/h2>\n\n\n\n<h3 class=\"wp-block-heading\"><strong>Consejos para reducir la cantidad de potasio en tus alimentos<\/strong><\/h3>\n\n\n\n<p>Si deseas incluir verduras altas en potasio en tu dieta, primero debes remojarlas (leaching). El remojo ayuda a reducir la cantidad de potasio en la verdura al extraer parte (pero no todo) del potasio del alimento.<\/p>\n\n\n\n<p>Para remojar las verduras:<\/p>\n\n\n\n<ol class=\"wp-block-list\">\n<li>Pela y coloca la verdura en agua fr\u00eda para que no se oscurezca.<\/li>\n\n\n\n<li>Corta la verdura en rebanadas de 1\/8 de pulgada de grosor.<\/li>\n\n\n\n<li>Enjuague con agua tibia durante unos segundos.<\/li>\n\n\n\n<li>Remoje durante un m\u00ednimo de 2 horas en agua tibia sin sal, usando diez veces m\u00e1s agua que la cantidad de verdura. Por ejemplo, 1 taza de verdura requiere 10 tazas de agua. Si el remojo es m\u00e1s prolongado, cambie el agua cada cuatro horas.<\/li>\n\n\n\n<li>Enjuague nuevamente con agua tibia durante unos segundos.<\/li>\n\n\n\n<li>Cocine las verduras con cinco veces m\u00e1s agua sin sal que la cantidad de verduras. Por ejemplo, 1 taza de verduras requiere 5 tazas de agua.<\/li>\n<\/ol>\n\n\n\n<p>Si sus verduras favoritas tienen un alto contenido de potasio, consulte con su dietista si la lixiviaci\u00f3n puede ayudarle a consumir algunas mientras mantiene su nivel de potasio dentro del rango ideal. Dado que la lixiviaci\u00f3n no elimina todo el potasio, aun as\u00ed debe limitar la cantidad de verduras lixiviadas con alto contenido de potasio que consume.<\/p>\n\n\n\n<p>Otra forma f\u00e1cil de reducir la cantidad de potasio adicional que obtiene de los alimentos es evitar beber o utilizar el l\u00edquido de frutas enlatadas, verduras enlatadas o los jugos de la carne cocida.<\/p>\n<\/div>\n\n\n\n<div class=\"wp-block-group w-100 has-global-padding is-layout-constrained wp-block-group-is-layout-constrained has-background\" style=\"margin-top:0px;margin-bottom:0px;padding-top:var(--wp--preset--spacing--80);padding-bottom:var(--wp--preset--spacing--80);background-image:url(&apos;https:\/\/kendallkidneycenter.org\/wp-content\/uploads\/2025\/11\/KidneyCenterPhotos-108-scaled.jpg&apos;);background-size:cover;background-attachment:fixed;\">\n<div class=\"wp-block-columns is-layout-flex wp-container-core-columns-is-layout-a54e0cfc wp-block-columns-is-layout-flex\" style=\"padding-top:var(--wp--preset--spacing--60);padding-bottom:var(--wp--preset--spacing--60)\">\n<div class=\"wp-block-column is-vertically-aligned-center has-background is-layout-flow wp-block-column-is-layout-flow\" style=\"background-color:#ffffffb0;padding-top:var(--wp--preset--spacing--40);padding-right:var(--wp--preset--spacing--30);padding-bottom:var(--wp--preset--spacing--40);padding-left:var(--wp--preset--spacing--30)\" data-aos=\"fade-up\" data-aos-duration=\"1000\">\n<h2 class=\"wp-block-heading has-text-align-center has-foreground-color has-text-color has-link-color has-x-large-font-size wp-elements-aadb70b496aeff0e557a1b4e6370b8d0\">\u00bfListo para encontrar la opci\u00f3n de tratamiento adecuada para usted?<\/h2>\n\n\n\n<p class=\"has-text-align-center has-foreground-color has-text-color has-link-color has-medium-font-size wp-elements-a72ce9181883313b4a47c0da005190be\">Comience visitando nuestra p\u00e1gina de Cont\u00e1ctenos o ll\u00e1menos para empezar a trabajar juntos.<\/p>\n\n\n\n<div class=\"wp-block-buttons is-content-justification-center is-layout-flex wp-container-core-buttons-is-layout-41f55948 wp-block-buttons-is-layout-flex\" style=\"margin-top:3rem\">\n<div class=\"wp-block-button is-style-fill\"><a class=\"wp-block-button__link has-background-color has-text-color has-link-color wp-element-button\" href=\"https:\/\/kendallkidneycenter.org\/es\/contact\/\">Comenzar<\/a><\/div>\n<\/div>\n<\/div>\n<\/div>\n<\/div>","protected":false},"excerpt":{"rendered":"<p>Potassium in Your Diet About Potassium Potassium is an important mineral found in your body that is responsible for many functions. People living with kidney disease are at risk for having potassium levels outside of the goal range (either too high or too low). To keep your potassium levels in the goal range, you may [&hellip;]<\/p>\n","protected":false},"author":1,"featured_media":0,"parent":68,"menu_order":0,"comment_status":"closed","ping_status":"closed","template":"","meta":{"footnotes":""},"class_list":["post-823","page","type-page","status-publish","hentry"],"_links":{"self":[{"href":"https:\/\/kendallkidneycenter.org\/es\/wp-json\/wp\/v2\/pages\/823","targetHints":{"allow":["GET"]}}],"collection":[{"href":"https:\/\/kendallkidneycenter.org\/es\/wp-json\/wp\/v2\/pages"}],"about":[{"href":"https:\/\/kendallkidneycenter.org\/es\/wp-json\/wp\/v2\/types\/page"}],"author":[{"embeddable":true,"href":"https:\/\/kendallkidneycenter.org\/es\/wp-json\/wp\/v2\/users\/1"}],"replies":[{"embeddable":true,"href":"https:\/\/kendallkidneycenter.org\/es\/wp-json\/wp\/v2\/comments?post=823"}],"version-history":[{"count":10,"href":"https:\/\/kendallkidneycenter.org\/es\/wp-json\/wp\/v2\/pages\/823\/revisions"}],"predecessor-version":[{"id":1190,"href":"https:\/\/kendallkidneycenter.org\/es\/wp-json\/wp\/v2\/pages\/823\/revisions\/1190"}],"up":[{"embeddable":true,"href":"https:\/\/kendallkidneycenter.org\/es\/wp-json\/wp\/v2\/pages\/68"}],"wp:attachment":[{"href":"https:\/\/kendallkidneycenter.org\/es\/wp-json\/wp\/v2\/media?parent=823"}],"curies":[{"name":"wp","href":"https:\/\/api.w.org\/{rel}","templated":true}]}}