{"id":820,"date":"2025-11-03T18:37:30","date_gmt":"2025-11-03T18:37:30","guid":{"rendered":"https:\/\/kendallkidneycenter.org\/?page_id=820"},"modified":"2025-11-06T16:04:42","modified_gmt":"2025-11-06T16:04:42","slug":"phosphorus-diet","status":"publish","type":"page","link":"https:\/\/kendallkidneycenter.org\/es\/diet-nutrition\/phosphorus-diet\/","title":{"rendered":"F\u00f3sforo y su dieta"},"content":{"rendered":"<div class=\"wp-block-group alignfull has-background-color has-foreground-background-color has-text-color has-background has-global-padding is-layout-constrained wp-container-core-group-is-layout-25b4359b wp-block-group-is-layout-constrained\" style=\"margin-top:0px;margin-bottom:0;padding-top:0;padding-right:0;padding-bottom:0;padding-left:0\">\n<div class=\"wp-block-media-text alignfull is-stacked-on-mobile has-custom-white-color has-tertiary-background-color has-text-color has-background\" style=\"grid-template-columns:40% auto\"><figure class=\"wp-block-media-text__media\"><img loading=\"lazy\" decoding=\"async\" width=\"2000\" height=\"1333\" src=\"https:\/\/kendallkidneycenter.org\/wp-content\/uploads\/2025\/11\/KidneyCenterPhotos-158-2000x1333.jpg\" alt=\"\" class=\"wp-image-1031 size-full\" srcset=\"https:\/\/kendallkidneycenter.org\/wp-content\/uploads\/2025\/11\/KidneyCenterPhotos-158-2000x1333.jpg 2000w, https:\/\/kendallkidneycenter.org\/wp-content\/uploads\/2025\/11\/KidneyCenterPhotos-158-900x600.jpg 900w, https:\/\/kendallkidneycenter.org\/wp-content\/uploads\/2025\/11\/KidneyCenterPhotos-158-2048x1365.jpg 2048w, https:\/\/kendallkidneycenter.org\/wp-content\/uploads\/2025\/11\/KidneyCenterPhotos-158-768x512.jpg 768w, https:\/\/kendallkidneycenter.org\/wp-content\/uploads\/2025\/11\/KidneyCenterPhotos-158-1536x1024.jpg 1536w, https:\/\/kendallkidneycenter.org\/wp-content\/uploads\/2025\/11\/KidneyCenterPhotos-158-18x12.jpg 18w, https:\/\/kendallkidneycenter.org\/wp-content\/uploads\/2025\/11\/KidneyCenterPhotos-158-300x200.jpg 300w, https:\/\/kendallkidneycenter.org\/wp-content\/uploads\/2025\/11\/KidneyCenterPhotos-158-1024x683.jpg 1024w\" sizes=\"auto, (max-width: 2000px) 100vw, 2000px\" \/><\/figure><div class=\"wp-block-media-text__content\">\n<div class=\"wp-block-group alignwide has-global-padding is-content-justification-left is-layout-constrained wp-container-core-group-is-layout-752c2dbf wp-block-group-is-layout-constrained\" style=\"padding-top:var(--wp--preset--spacing--40);padding-right:0;padding-bottom:var(--wp--preset--spacing--40);padding-left:0px\">\n<h1 class=\"wp-block-heading has-background-color has-text-color has-jost-font-family has-xx-large-font-size\" style=\"margin-top:0px;margin-left:0;padding-top:0px;padding-bottom:0px\" data-aos=\"fade-up\" data-aos-duration=\"1050\">F\u00f3sforo y su dieta<\/h1>\n<\/div>\n<\/div><\/div>\n<\/div>\n\n\n\n<div class=\"wp-block-group is-layout-flow wp-block-group-is-layout-flow\" style=\"padding-top:var(--wp--preset--spacing--40);padding-bottom:var(--wp--preset--spacing--40)\" data-aos=\"fade-up\" data-aos-duration=\"900\">\n<h2 class=\"wp-block-heading\">\u00bfQu\u00e9 es el f\u00f3sforo?<\/h2>\n\n\n\n<p>El f\u00f3sforo es un mineral que se encuentra en los huesos. Junto con el calcio, el f\u00f3sforo es necesario para formar huesos fuertes y saludables, as\u00ed como para mantener otras partes de su cuerpo en buen estado.<\/p>\n\n\n\n<h2 class=\"wp-block-heading\">\u00bfPor qu\u00e9 es importante el f\u00f3sforo para ti?<\/h2>\n\n\n\n<p>Los ri\u00f1ones que funcionan normalmente pueden eliminar el exceso de f\u00f3sforo de tu sangre. Cuando tienes enfermedad renal cr\u00f3nica (ERC), tus ri\u00f1ones no pueden eliminar bien el f\u00f3sforo. Los niveles altos de f\u00f3sforo pueden causar da\u00f1os en tu cuerpo. El exceso de f\u00f3sforo provoca cambios que extraen calcio de tus huesos, debilit\u00e1ndolos. Los niveles altos de f\u00f3sforo y calcio tambi\u00e9n pueden generar dep\u00f3sitos peligrosos de calcio en los vasos sangu\u00edneos, pulmones, ojos y coraz\u00f3n. Con el tiempo, esto puede aumentar el riesgo de ataque card\u00edaco, accidente cerebrovascular o muerte. El control del f\u00f3sforo y el calcio es muy importante para tu salud en general.<\/p>\n\n\n\n<h2 class=\"wp-block-heading\">\u00bfCu\u00e1l es un nivel seguro de f\u00f3sforo en la sangre?<\/h2>\n\n\n\n<p>Un nivel normal de f\u00f3sforo es de 2.5 a 4.5 mg\/dL. Pregunta a tu m\u00e9dico o dietista renal cu\u00e1l fue tu \u00faltimo nivel de f\u00f3sforo y an\u00f3talo para ayudarte a llevar un registro.<\/p>\n\n\n\n<h2 class=\"wp-block-heading\">\u00bfLa di\u00e1lisis ayuda a controlar el f\u00f3sforo?<\/h2>\n\n\n\n<p>S\u00ed. La di\u00e1lisis puede eliminar algo de f\u00f3sforo de tu sangre. Es importante que entiendas c\u00f3mo limitar la acumulaci\u00f3n de f\u00f3sforo entre tus tratamientos de di\u00e1lisis.<\/p>\n\n\n\n<h2 class=\"wp-block-heading\">\u00bfC\u00f3mo puedo controlar mi nivel de f\u00f3sforo?<\/h2>\n\n\n\n<p>Puedes mantener tu nivel de f\u00f3sforo dentro de lo normal comprendiendo tu dieta y los medicamentos para controlar el f\u00f3sforo. El f\u00f3sforo se encuentra en los alimentos (f\u00f3sforo org\u00e1nico) y est\u00e1 presente de forma natural en alimentos ricos en prote\u00ednas, como carnes, aves, pescado, nueces, frijoles y productos l\u00e1cteos. El f\u00f3sforo que se encuentra en los alimentos de origen animal se absorbe m\u00e1s f\u00e1cilmente que el f\u00f3sforo presente en los alimentos de origen vegetal.<\/p>\n\n\n\n<p>El f\u00f3sforo que se ha a\u00f1adido a los alimentos en forma de aditivo o conservante (f\u00f3sforo inorg\u00e1nico) se encuentra en alimentos como comida r\u00e1pida, alimentos listos para consumir, bebidas enlatadas o embotelladas, carnes mejoradas y la mayor\u00eda de los alimentos procesados. El f\u00f3sforo de los aditivos alimentarios se absorbe por completo. Evitar los aditivos de f\u00f3sforo puede reducir tu ingesta de f\u00f3sforo. Los aditivos de f\u00f3sforo aparecen en la lista de ingredientes de la etiqueta nutricional. Busca \u201cPHOS\u201d para identificar los aditivos de f\u00f3sforo en los alimentos.<\/p>\n\n\n\n<p>Los aditivos de f\u00f3sforo que se encuentran en los alimentos incluyen:<\/p>\n\n\n\n<ul class=\"wp-block-list\">\n<li>Fosfato dic\u00e1lcico<\/li>\n\n\n\n<li>Fosfato dis\u00f3dico<\/li>\n\n\n\n<li>Fosfato monos\u00f3dico<\/li>\n\n\n\n<li>\u00c1cido fosf\u00f3rico<\/li>\n\n\n\n<li>Hexametafosfato de sodio<\/li>\n\n\n\n<li>Fosfato tris\u00f3dico<\/li>\n\n\n\n<li>Tripolifosfato de sodio<\/li>\n\n\n\n<li>Pirofosfato de tetr sodio<\/li>\n<\/ul>\n\n\n\n<p>Tu dietista renal y tu m\u00e9dico te ayudar\u00e1n con esto. A continuaci\u00f3n, se muestra una lista de alimentos altos en f\u00f3sforo y alternativas con menor contenido de f\u00f3sforo que puedes disfrutar:<\/p>\n\n\n\n<figure class=\"wp-block-table\"><table class=\"has-fixed-layout\"><thead><tr><th colspan=\"3\">Alimentos altos en f\u00f3sforo que se deben limitar o evitar<\/th><\/tr><\/thead><tbody><tr><td>Bebidas<\/td><td>cerveza\/ale<br>cacao<br>bebidas hechas con leche<br>t\u00e9s helados enlatados<br>bebidas embotelladas con aditivos de f\u00f3sforo<\/td><td>bebidas de chocolate<br>colas oscuras<br>refresco tipo pepper (Dr Pepper)<\/td><\/tr><tr><td colspan=\"3\"><strong>Alternativas con menor f\u00f3sforo para disfrutar:<\/strong><br>agua, caf\u00e9, t\u00e9, leche de arroz (sin enriquecer), jugo de manzana, jugo de ar\u00e1ndano, jugo de uva, limonada, ginger ale, refresco de lim\u00f3n-lima, refresco de naranja, root beer<\/td><\/tr><tr><td>Productos l\u00e1cteos<\/td><td>queso<br>natillas<br>leche<br>sopas de crema<\/td><td>helado<br>pudding<br>yogurt Griego<\/td><\/tr><tr><td colspan=\"3\"><strong>Alternativas con menor f\u00f3sforo para disfrutar:<\/strong><br>leche de arroz, leche de almendra, reques\u00f3n, queso vegano, sorbete, paletas heladas<\/td><\/tr><tr><td>Prote\u00ednas<\/td><td>ostras<br>h\u00edgado de res<br>huevas de pescado<\/td><td>sardinas<br>h\u00edgado de pollo<br>v\u00edsceras<\/td><\/tr><tr><td colspan=\"3\"><strong>Alternativas con menor f\u00f3sforo para disfrutar:<\/strong><br>pollo, pavo, pescado, res, ternera, huevos, cordero, cerdo<\/td><\/tr><tr><td>Otros alimentos<\/td><td>dulce de chocolate<br>caramelo<br>muffin de salvado de avena<\/td><td>la mayor\u00eda de los alimentos procesados\/preparados\/fiambres\/perros calientes\/tocino\/salchichas<br>pizza<br>levadura de cerveza<br>chocolate<br>caramelos de caramelo<\/td><\/tr><tr><td colspan=\"3\"><strong>Alternativas con menor f\u00f3sforo para disfrutar:<\/strong><br>manzanas, frutos rojos, uvas, palitos de zanahoria, pepino, tortitas de arroz, pretzels sin sal, palomitas de ma\u00edz sin sal, galletas saladas sin sal, pastel de libra, galletas de az\u00facar<\/td><\/tr><\/tbody><\/table><\/figure>\n\n\n\n<h2 class=\"wp-block-heading\">\u00bfQu\u00e9 medicamentos se utilizan para controlar el f\u00f3sforo?<\/h2>\n\n\n\n<p>Tu m\u00e9dico renal puede indicarte un medicamento llamado \u201cligante de f\u00f3sforo\u201d para tomarlo con las comidas y refrigerios. Este medicamento ayudar\u00e1 a controlar la cantidad de f\u00f3sforo que tu cuerpo absorbe de los alimentos que consumes.<\/p>\n\n\n\n<p>Existen muchos tipos diferentes de ligantes de f\u00f3sforo. Hay pastillas, tabletas masticables, polvos y l\u00edquidos disponibles. Algunos tipos tambi\u00e9n contienen calcio, mientras que otros no. Debes tomar \u00fanicamente el ligante de f\u00f3sforo que te indique tu m\u00e9dico o dietista.<\/p>\n<\/div>\n\n\n\n<div class=\"wp-block-group w-100 has-global-padding is-layout-constrained wp-block-group-is-layout-constrained has-background\" style=\"margin-top:0px;margin-bottom:0px;padding-top:var(--wp--preset--spacing--80);padding-bottom:var(--wp--preset--spacing--80);background-image:url(&apos;https:\/\/kendallkidneycenter.org\/wp-content\/uploads\/2025\/11\/KidneyCenterPhotos-24-scaled.jpg&apos;);background-size:cover;background-attachment:fixed;\">\n<div class=\"wp-block-columns is-layout-flex wp-container-core-columns-is-layout-a54e0cfc wp-block-columns-is-layout-flex\" style=\"padding-top:var(--wp--preset--spacing--60);padding-bottom:var(--wp--preset--spacing--60)\">\n<div class=\"wp-block-column is-vertically-aligned-center has-background is-layout-flow wp-block-column-is-layout-flow\" style=\"background-color:#ffffffb0;padding-top:var(--wp--preset--spacing--40);padding-right:var(--wp--preset--spacing--30);padding-bottom:var(--wp--preset--spacing--40);padding-left:var(--wp--preset--spacing--30)\" data-aos=\"fade-up\" data-aos-duration=\"1000\">\n<h2 class=\"wp-block-heading has-text-align-center has-foreground-color has-text-color has-link-color has-x-large-font-size wp-elements-aadb70b496aeff0e557a1b4e6370b8d0\">\u00bfListo para encontrar la opci\u00f3n de tratamiento adecuada para usted?<\/h2>\n\n\n\n<p class=\"has-text-align-center has-foreground-color has-text-color has-link-color has-medium-font-size wp-elements-a72ce9181883313b4a47c0da005190be\">Comience visitando nuestra p\u00e1gina de Cont\u00e1ctenos o ll\u00e1menos para empezar a trabajar juntos.<\/p>\n\n\n\n<div class=\"wp-block-buttons is-content-justification-center is-layout-flex wp-container-core-buttons-is-layout-41f55948 wp-block-buttons-is-layout-flex\" style=\"margin-top:3rem\">\n<div class=\"wp-block-button is-style-fill\"><a class=\"wp-block-button__link has-background-color has-text-color has-link-color wp-element-button\" href=\"https:\/\/kendallkidneycenter.org\/es\/contact\/\">Comenzar<\/a><\/div>\n<\/div>\n<\/div>\n<\/div>\n<\/div>","protected":false},"excerpt":{"rendered":"<p>Phosphorus and Your Diet What is phosphorus? Phosphorus is a mineral found in your bones. Along with calcium, phosphorus is needed to build strong healthy bones, as well as, keeping other parts of your body healthy. Why is phosphorus important to you? Normal working kidneys can remove extra phosphorus in your blood. When you have [&hellip;]<\/p>\n","protected":false},"author":1,"featured_media":0,"parent":68,"menu_order":0,"comment_status":"closed","ping_status":"closed","template":"","meta":{"footnotes":""},"class_list":["post-820","page","type-page","status-publish","hentry"],"_links":{"self":[{"href":"https:\/\/kendallkidneycenter.org\/es\/wp-json\/wp\/v2\/pages\/820","targetHints":{"allow":["GET"]}}],"collection":[{"href":"https:\/\/kendallkidneycenter.org\/es\/wp-json\/wp\/v2\/pages"}],"about":[{"href":"https:\/\/kendallkidneycenter.org\/es\/wp-json\/wp\/v2\/types\/page"}],"author":[{"embeddable":true,"href":"https:\/\/kendallkidneycenter.org\/es\/wp-json\/wp\/v2\/users\/1"}],"replies":[{"embeddable":true,"href":"https:\/\/kendallkidneycenter.org\/es\/wp-json\/wp\/v2\/comments?post=820"}],"version-history":[{"count":5,"href":"https:\/\/kendallkidneycenter.org\/es\/wp-json\/wp\/v2\/pages\/820\/revisions"}],"predecessor-version":[{"id":1168,"href":"https:\/\/kendallkidneycenter.org\/es\/wp-json\/wp\/v2\/pages\/820\/revisions\/1168"}],"up":[{"embeddable":true,"href":"https:\/\/kendallkidneycenter.org\/es\/wp-json\/wp\/v2\/pages\/68"}],"wp:attachment":[{"href":"https:\/\/kendallkidneycenter.org\/es\/wp-json\/wp\/v2\/media?parent=820"}],"curies":[{"name":"wp","href":"https:\/\/api.w.org\/{rel}","templated":true}]}}