{"id":790,"date":"2025-11-03T17:44:58","date_gmt":"2025-11-03T17:44:58","guid":{"rendered":"https:\/\/kendallkidneycenter.org\/?page_id=790"},"modified":"2025-11-06T22:02:25","modified_gmt":"2025-11-06T22:02:25","slug":"peritoneal-dialysis","status":"publish","type":"page","link":"https:\/\/kendallkidneycenter.org\/es\/treatments\/peritoneal-dialysis\/","title":{"rendered":"Di\u00e1lisis Peritoneal (DP)"},"content":{"rendered":"<div class=\"wp-block-group alignfull has-background-color has-foreground-background-color has-text-color has-background has-global-padding is-layout-constrained wp-container-core-group-is-layout-25b4359b wp-block-group-is-layout-constrained\" style=\"margin-top:0px;margin-bottom:0;padding-top:0;padding-right:0;padding-bottom:0;padding-left:0\">\n<div class=\"wp-block-media-text alignfull is-stacked-on-mobile is-image-fill-element has-custom-white-color has-tertiary-background-color has-text-color has-background\" style=\"grid-template-columns:30% auto\"><figure class=\"wp-block-media-text__media\"><img loading=\"lazy\" decoding=\"async\" width=\"2000\" height=\"1333\" src=\"https:\/\/kendallkidneycenter.org\/wp-content\/uploads\/2025\/11\/KidneyCenterPhotos-33-2000x1333.jpg\" alt=\"\" class=\"wp-image-1040 size-full\" style=\"object-position:50% 50%\" srcset=\"https:\/\/kendallkidneycenter.org\/wp-content\/uploads\/2025\/11\/KidneyCenterPhotos-33-2000x1333.jpg 2000w, https:\/\/kendallkidneycenter.org\/wp-content\/uploads\/2025\/11\/KidneyCenterPhotos-33-900x600.jpg 900w, https:\/\/kendallkidneycenter.org\/wp-content\/uploads\/2025\/11\/KidneyCenterPhotos-33-2048x1365.jpg 2048w, https:\/\/kendallkidneycenter.org\/wp-content\/uploads\/2025\/11\/KidneyCenterPhotos-33-768x512.jpg 768w, https:\/\/kendallkidneycenter.org\/wp-content\/uploads\/2025\/11\/KidneyCenterPhotos-33-1536x1024.jpg 1536w, https:\/\/kendallkidneycenter.org\/wp-content\/uploads\/2025\/11\/KidneyCenterPhotos-33-18x12.jpg 18w, https:\/\/kendallkidneycenter.org\/wp-content\/uploads\/2025\/11\/KidneyCenterPhotos-33-300x200.jpg 300w, https:\/\/kendallkidneycenter.org\/wp-content\/uploads\/2025\/11\/KidneyCenterPhotos-33-1024x683.jpg 1024w\" sizes=\"auto, (max-width: 2000px) 100vw, 2000px\" \/><\/figure><div class=\"wp-block-media-text__content\">\n<div class=\"wp-block-group alignwide has-global-padding is-content-justification-left is-layout-constrained wp-container-core-group-is-layout-216d53c3 wp-block-group-is-layout-constrained\" style=\"padding-top:var(--wp--preset--spacing--70);padding-right:0;padding-bottom:var(--wp--preset--spacing--70);padding-left:0px\">\n<h1 class=\"wp-block-heading has-background-color has-text-color has-jost-font-family has-xx-large-font-size\" style=\"margin-top:0px;margin-left:0;padding-top:0px;padding-bottom:0px\" data-aos=\"fade-up\" data-aos-duration=\"1050\">Di\u00e1lisis Peritoneal (DP)<\/h1>\n<\/div>\n<\/div><\/div>\n<\/div>\n\n\n\n<div class=\"wp-block-columns is-layout-flex wp-container-core-columns-is-layout-51c0b34d wp-block-columns-is-layout-flex\" style=\"border-top-style:none;border-top-width:0px;padding-top:var(--wp--preset--spacing--50);padding-bottom:var(--wp--preset--spacing--50)\">\n<div class=\"wp-block-column is-vertically-aligned-top is-layout-flow wp-block-column-is-layout-flow\" style=\"flex-basis:66%\">\n<div class=\"wp-block-group has-global-padding is-layout-constrained wp-block-group-is-layout-constrained\">\n<p class=\"translation-block\">En la <a href=\"https:\/\/www.kidney.org\/atoz\/content\/peritoneal\" target=\"_self\">di\u00e1lisis peritoneal<\/a>, su sangre se filtra dentro de su propio cuerpo en lugar de usar una m\u00e1quina dializadora. Para este tipo de di\u00e1lisis, se utiliza el revestimiento de su abdomen o \u00e1rea del vientre (tambi\u00e9n llamado peritoneo) como filtro. Antes de comenzar la di\u00e1lisis peritoneal, se requiere una cirug\u00eda menor para colocar un cat\u00e9ter (tubo flexible) en su abdomen. Durante cada tratamiento, su \u00e1rea abdominal se llena lentamente con dializado (un l\u00edquido de limpieza hecho a partir de una mezcla de agua, sal y otros aditivos) a trav\u00e9s del cat\u00e9ter. A medida que su sangre fluye naturalmente por la zona, el exceso de l\u00edquidos y los productos de desecho se extraen de los vasos sangu\u00edneos hacia el \u00e1rea abdominal mediante el dializado (casi como un im\u00e1n). Despu\u00e9s de unas horas, la mezcla de l\u00edquido se drena de su abdomen utilizando el mismo cat\u00e9ter y bolsa que se usaron al inicio del tratamiento. La di\u00e1lisis peritoneal se puede realizar casi en cualquier lugar si dispone de los suministros necesarios para llevar a cabo el tratamiento.\n\n<br><br>Dos de los tipos m\u00e1s comunes de di\u00e1lisis peritoneal son:<\/p>\n\n\n\n<ul class=\"wp-block-list\">\n<li>Di\u00e1lisis Peritoneal Ambulatoria Continua (DPAC)<\/li>\n\n\n\n<li>Di\u00e1lisis Peritoneal Automatizada (DPA)<\/li>\n<\/ul>\n\n\n\n<p class=\"translation-block\">Los suministros y equipos necesarios, la duraci\u00f3n de cada tratamiento (tambi\u00e9n conocido como intercambio) y el n\u00famero de tratamientos por d\u00eda variar\u00e1n seg\u00fan el tipo de di\u00e1lisis peritoneal que est\u00e9 utilizando y su condici\u00f3n m\u00e9dica. Puede encontrar m\u00e1s informaci\u00f3n sobre estos tratamientos en la p\u00e1gina AtoZ de Di\u00e1lisis Peritoneal de la NKF.<\/p>\n<\/div>\n<\/div>\n\n\n\n<div class=\"wp-block-column is-vertically-aligned-center is-layout-flow wp-block-column-is-layout-flow\" style=\"flex-basis:33%\">\n<div class=\"wp-block-group has-global-padding is-layout-constrained wp-block-group-is-layout-constrained\">\n<figure class=\"wp-block-image size-full\"><img loading=\"lazy\" decoding=\"async\" width=\"652\" height=\"708\" src=\"https:\/\/kendallkidneycenter.org\/wp-content\/uploads\/2025\/11\/peritoneal-dialysis.avif\" alt=\"\" class=\"wp-image-791\" srcset=\"https:\/\/kendallkidneycenter.org\/wp-content\/uploads\/2025\/11\/peritoneal-dialysis.avif 652w, https:\/\/kendallkidneycenter.org\/wp-content\/uploads\/2025\/11\/peritoneal-dialysis-11x12.jpg 11w, https:\/\/kendallkidneycenter.org\/wp-content\/uploads\/2025\/11\/peritoneal-dialysis-276x300.jpg 276w\" sizes=\"auto, (max-width: 652px) 100vw, 652px\" \/><\/figure>\n<\/div>\n<\/div>\n<\/div>\n\n\n\n<div class=\"wp-block-columns are-vertically-aligned-center is-layout-flex wp-container-core-columns-is-layout-f176861b wp-block-columns-is-layout-flex\" style=\"border-top-color:var(--wp--preset--color--tertiary);padding-top:var(--wp--preset--spacing--50);padding-right:var(--wp--preset--spacing--40);padding-bottom:var(--wp--preset--spacing--50);padding-left:var(--wp--preset--spacing--40)\">\n<div class=\"wp-block-column is-vertically-aligned-center is-layout-flow wp-block-column-is-layout-flow\" style=\"flex-basis:50%\">\n<div class=\"wp-block-group has-global-padding is-layout-constrained wp-block-group-is-layout-constrained\">\n<h2 class=\"wp-block-heading has-primary-color has-text-color has-jost-font-family has-xx-large-font-size\" style=\"margin-top:0px;margin-left:0;padding-top:0px;padding-bottom:0px\" data-aos=\"fade-up\" data-aos-duration=\"1050\">Efectividad<\/h2>\n\n\n\n<p>La di\u00e1lisis es una opci\u00f3n de tratamiento muy eficaz para eliminar los desechos y el exceso de l\u00edquidos de la sangre. Sin embargo, no reemplaza completamente todas las funciones de los ri\u00f1ones, por lo que no se considera una cura para la enfermedad renal o la insuficiencia renal.<\/p>\n\n\n\n<p>Todos los tipos de di\u00e1lisis son igualmente efectivos, pero su condici\u00f3n m\u00e9dica y sus preferencias personales pueden hacer que un enfoque de tratamiento sea m\u00e1s adecuado que otros. Usted y su m\u00e9dico discutir\u00e1n esto y decidir\u00e1n qu\u00e9 tipo de di\u00e1lisis y qu\u00e9 lugar son los mejores. Tambi\u00e9n puede resultarle \u00fatil hablar con otras personas que viven con di\u00e1lisis para aprender de sus experiencias.<\/p>\n\n\n\n<p>Los siguientes pasos pueden ayudar a aumentar la efectividad de sus tratamientos de di\u00e1lisis:<\/p>\n\n\n\n<ul class=\"wp-block-list\">\n<li>Hable con su equipo de di\u00e1lisis sobre cualquier inquietud o efecto secundario que pueda tener.<\/li>\n\n\n\n<li>Complete sus tratamientos de acuerdo con el horario que le haya sido prescrito.<\/li>\n\n\n\n<li class=\"translation-block\">Siga su <a href=\"https:\/\/www.kidney.org\/nutrition\/Dialysis\" target=\"_self\">plan de alimentaci\u00f3n<\/a> personalizado recomendado por su dietista especializado en ri\u00f1\u00f3n.<\/li>\n\n\n\n<li>Realice la mayor cantidad posible de actividad f\u00edsica para mejorar su fuerza y la salud de su coraz\u00f3n.<\/li>\n\n\n\n<li>Hable con su proveedor de di\u00e1lisis y con su farmac\u00e9utico sobre cualquier medicamento, suplemento o producto herbal que est\u00e9 tomando o est\u00e9 considerando comenzar a tomar.<\/li>\n<\/ul>\n\n\n\n<p><a href=\"https:\/\/www.kidney.org\/kidney-topics\/dialysis#\"><\/a><\/p>\n<\/div>\n<\/div>\n\n\n\n<div class=\"wp-block-column is-vertically-aligned-center is-layout-flow wp-block-column-is-layout-flow\" style=\"flex-basis:50%\">\n<div class=\"wp-block-group has-global-padding is-layout-constrained wp-block-group-is-layout-constrained\">\n<h2 class=\"wp-block-heading has-primary-color has-text-color has-jost-font-family has-xx-large-font-size\" style=\"margin-top:0px;margin-left:0;padding-top:0px;padding-bottom:0px\" data-aos=\"fade-up\" data-aos-duration=\"1050\">Efectos secundarios<\/h2>\n\n\n\n<p>Ambos tipos de di\u00e1lisis pueden tener efectos secundarios. Tambi\u00e9n puede ser dif\u00edcil determinar con certeza si un s\u00edntoma se debe a la di\u00e1lisis o a la insuficiencia renal que tambi\u00e9n est\u00e1 afectando al cuerpo. Algunos de los efectos secundarios m\u00e1s comunes que las personas reportan incluyen:<\/p>\n\n\n\n<ul class=\"wp-block-list\">\n<li>Hernia (debilidad en los m\u00fasculos del abdomen, que a menudo se presenta como un bulto o \u00e1rea hinchada)<\/li>\n\n\n\n<li>Aumento de peso<\/li>\n\n\n\n<li><strong>Infecci\u00f3n de la piel, la sangre y\/o el peritoneo (\u00e1rea del abdomen)&nbsp;<\/strong>); si no se trata, estas pueden causar&nbsp;<a href=\"https:\/\/www.kidney.org\/atoz\/content\/sepsis\">sepsis<\/a>&nbsp;(una condici\u00f3n potencialmente mortal que puede llevar a fallo multiorg\u00e1nico).<\/li>\n\n\n\n<li><strong>Fatigue (feeling tired)&nbsp;<\/strong>: esto puede afectar a cualquier persona, pero suele ser m\u00e1s com\u00fan en personas que han estado en di\u00e1lisis durante mucho tiempo. A menudo es dif\u00edcil determinar con certeza si esto es un efecto secundario de la di\u00e1lisis o un s\u00edntoma de la enfermedad renal a largo plazo.&nbsp;<\/li>\n\n\n\n<li><a href=\"https:\/\/www.kidney.org\/atoz\/content\/chronic-kidney-disease-associated-pruritus-itchy-skin\"><strong>Pruritus<\/strong><\/a>: las personas con enfermedad renal pueden experimentarlo, especialmente en etapas m\u00e1s avanzadas de la enfermedad renal cr\u00f3nica y en personas en di\u00e1lisis. Al igual que la fatiga, a menudo es dif\u00edcil determinar si esto es un efecto secundario de la di\u00e1lisis o un s\u00edntoma de la enfermedad renal a largo plazo.<\/li>\n<\/ul>\n\n\n\n<p><a href=\"https:\/\/www.kidney.org\/kidney-topics\/dialysis#\"><\/a><\/p>\n<\/div>\n<\/div>\n<\/div>","protected":false},"excerpt":{"rendered":"<p>Peritoneal Dialysis (PD) In&nbsp;peritoneal dialysis, your blood is filtered inside your own body instead of using a dialyzer machine. For this type of dialysis, the lining of your abdomen or belly area (also called the peritoneum) is used as a filter. Before starting peritoneal dialysis, a minor surgery is needed to place a catheter (soft [&hellip;]<\/p>\n","protected":false},"author":1,"featured_media":0,"parent":129,"menu_order":0,"comment_status":"closed","ping_status":"closed","template":"blank","meta":{"footnotes":""},"class_list":["post-790","page","type-page","status-publish","hentry"],"_links":{"self":[{"href":"https:\/\/kendallkidneycenter.org\/es\/wp-json\/wp\/v2\/pages\/790","targetHints":{"allow":["GET"]}}],"collection":[{"href":"https:\/\/kendallkidneycenter.org\/es\/wp-json\/wp\/v2\/pages"}],"about":[{"href":"https:\/\/kendallkidneycenter.org\/es\/wp-json\/wp\/v2\/types\/page"}],"author":[{"embeddable":true,"href":"https:\/\/kendallkidneycenter.org\/es\/wp-json\/wp\/v2\/users\/1"}],"replies":[{"embeddable":true,"href":"https:\/\/kendallkidneycenter.org\/es\/wp-json\/wp\/v2\/comments?post=790"}],"version-history":[{"count":4,"href":"https:\/\/kendallkidneycenter.org\/es\/wp-json\/wp\/v2\/pages\/790\/revisions"}],"predecessor-version":[{"id":1187,"href":"https:\/\/kendallkidneycenter.org\/es\/wp-json\/wp\/v2\/pages\/790\/revisions\/1187"}],"up":[{"embeddable":true,"href":"https:\/\/kendallkidneycenter.org\/es\/wp-json\/wp\/v2\/pages\/129"}],"wp:attachment":[{"href":"https:\/\/kendallkidneycenter.org\/es\/wp-json\/wp\/v2\/media?parent=790"}],"curies":[{"name":"wp","href":"https:\/\/api.w.org\/{rel}","templated":true}]}}