{"id":69,"date":"2025-09-10T19:47:38","date_gmt":"2025-09-10T19:47:38","guid":{"rendered":"https:\/\/kendallkidneycenter.org\/?page_id=69"},"modified":"2025-11-06T18:30:47","modified_gmt":"2025-11-06T18:30:47","slug":"hospital-affiliations","status":"publish","type":"page","link":"https:\/\/kendallkidneycenter.org\/es\/hospital-affiliations\/","title":{"rendered":"Hospitales afiliados"},"content":{"rendered":"<div class=\"wp-block-group alignfull has-background-color has-foreground-background-color has-text-color has-background has-global-padding is-layout-constrained wp-container-core-group-is-layout-25b4359b wp-block-group-is-layout-constrained\" style=\"margin-top:0px;margin-bottom:0;padding-top:0;padding-right:0;padding-bottom:0;padding-left:0\">\n<div class=\"wp-block-media-text alignfull is-stacked-on-mobile has-custom-white-color has-tertiary-background-color has-text-color has-background\" style=\"padding-top:0;padding-bottom:0;grid-template-columns:40% auto\"><figure class=\"wp-block-media-text__media\"><img loading=\"lazy\" decoding=\"async\" width=\"2000\" height=\"1333\" src=\"https:\/\/kendallkidneycenter.org\/wp-content\/uploads\/2025\/11\/KidneyCenterPhotos-18-2000x1333.jpg\" alt=\"\" class=\"wp-image-997 size-full\" srcset=\"https:\/\/kendallkidneycenter.org\/wp-content\/uploads\/2025\/11\/KidneyCenterPhotos-18-2000x1333.jpg 2000w, https:\/\/kendallkidneycenter.org\/wp-content\/uploads\/2025\/11\/KidneyCenterPhotos-18-900x600.jpg 900w, https:\/\/kendallkidneycenter.org\/wp-content\/uploads\/2025\/11\/KidneyCenterPhotos-18-2048x1365.jpg 2048w, https:\/\/kendallkidneycenter.org\/wp-content\/uploads\/2025\/11\/KidneyCenterPhotos-18-768x512.jpg 768w, https:\/\/kendallkidneycenter.org\/wp-content\/uploads\/2025\/11\/KidneyCenterPhotos-18-1536x1024.jpg 1536w, https:\/\/kendallkidneycenter.org\/wp-content\/uploads\/2025\/11\/KidneyCenterPhotos-18-18x12.jpg 18w, https:\/\/kendallkidneycenter.org\/wp-content\/uploads\/2025\/11\/KidneyCenterPhotos-18-300x200.jpg 300w, https:\/\/kendallkidneycenter.org\/wp-content\/uploads\/2025\/11\/KidneyCenterPhotos-18-1024x683.jpg 1024w\" sizes=\"auto, (max-width: 2000px) 100vw, 2000px\" \/><\/figure><div class=\"wp-block-media-text__content\">\n<div class=\"wp-block-group alignwide has-global-padding is-content-justification-left is-layout-constrained wp-container-core-group-is-layout-9c6daf00 wp-block-group-is-layout-constrained\" style=\"padding-top:var(--wp--preset--spacing--60);padding-right:0;padding-bottom:var(--wp--preset--spacing--60);padding-left:0px\">\n<h1 class=\"wp-block-heading has-background-color has-text-color has-avenir-next-condensed-font-family has-xx-large-font-size\" style=\"margin-top:0px;margin-left:0;padding-top:0px;padding-bottom:0px\" data-aos=\"fade-up\" data-aos-duration=\"1050\">Hospitales afiliados<\/h1>\n<\/div>\n<\/div><\/div>\n<\/div>\n\n\n\n<div class=\"wp-block-columns is-layout-flex wp-container-core-columns-is-layout-28f84493 wp-block-columns-is-layout-flex\">\n<div class=\"wp-block-column is-layout-flow wp-block-column-is-layout-flow\" style=\"flex-basis:50%\">\n<div class=\"wp-block-group is-layout-flow wp-block-group-is-layout-flow\" style=\"padding-top:var(--wp--preset--spacing--40);padding-bottom:var(--wp--preset--spacing--40)\" data-aos=\"fade-up\" data-aos-duration=\"900\">\n<p><strong>HCA Florida Kendall Hospital<br><\/strong><a href=\"https:\/\/www.google.com\/search?sca_esv=b97f4a4cdc4a391b&amp;rlz=1C1CHBF_enCA862CA862&amp;q=kendall+regional+medical+center+address&amp;ludocid=1041738582533921344&amp;sa=X&amp;ved=2ahUKEwiuk7Hu09aQAxUyRjABHS88Gb8Q6BN6BAgsEAI\">Direcci\u00f3n<\/a><strong>:&nbsp;<\/strong>11750 SW 40th St, Miami, FL 33175<br>Tel\u00e9fono<strong>:&nbsp;<\/strong><a href=\"https:\/\/www.google.com\/search?q=hca+florida+kendall+hospital&amp;rlz=1C1CHBF_enCA862CA862&amp;oq=hca+florida+kendall+hospital&amp;gs_lcrp=EgZjaHJvbWUqCggAEAAY4wIYgAQyCggAEAAY4wIYgAQyDQgBEC4YrwEYxwEYgAQyBwgCEAAYgAQyBwgDEAAYgAQyBwgEEAAYgAQyDQgFEC4YrwEYxwEYgAQyBwgGEAAYgAQyBwgHEAAYgAQyDQgIEC4YrwEYxwEYgAQyBwgJEAAYgATSAQg4NjM3ajBqN6gCALACAA&amp;sourceid=chrome&amp;ie=UTF-8#\">(305) 223-3000<\/a><\/p>\n\n\n\n<p><strong>Select Specialty Hospital &#8211; Miami Lakes<br><\/strong><a href=\"https:\/\/www.google.com\/search?sca_esv=b97f4a4cdc4a391b&amp;rlz=1C1CHBF_enCA862CA862&amp;q=kendall+regional+medical+center+address&amp;ludocid=1041738582533921344&amp;sa=X&amp;ved=2ahUKEwiuk7Hu09aQAxUyRjABHS88Gb8Q6BN6BAgsEAI\">Direcci\u00f3n<\/a><strong>:\u00a0<\/strong>14001 NW 82nd Ave, Miami Lakes, FL 33016<br>Tel\u00e9fono<strong>:\u00a0<\/strong><a href=\"https:\/\/www.google.com\/search?q=hca+florida+kendall+hospital&amp;rlz=1C1CHBF_enCA862CA862&amp;oq=hca+florida+kendall+hospital&amp;gs_lcrp=EgZjaHJvbWUqCggAEAAY4wIYgAQyCggAEAAY4wIYgAQyDQgBEC4YrwEYxwEYgAQyBwgCEAAYgAQyBwgDEAAYgAQyBwgEEAAYgAQyDQgFEC4YrwEYxwEYgAQyBwgGEAAYgAQyBwgHEAAYgAQyDQgIEC4YrwEYxwEYgAQyBwgJEAAYgATSAQg4NjM3ajBqN6gCALACAA&amp;sourceid=chrome&amp;ie=UTF-8#\"><a href=\"https:\/\/www.google.com\/search?q=select+specialty+hospital+-+miami+lakes&amp;sca_esv=b97f4a4cdc4a391b&amp;rlz=1C1CHBF_enCA862CA862&amp;ei=VfoIae6UI7KMwbkPr_jk-As&amp;gs_ssp=eJwFwcENhCAQAMD4NbGH_RhfF9kYObAEu1gWUCIqd_BQq3embvqlR_TbIf7P7xDV1IpLKauN8YYUSzuincT1HbRmiUYiD9Z7NXfZRccFcnIcKJYb1jOnUCjCB_ZAe4BIm8sviHAfBg&amp;oq=select+s&amp;gs_lp=Egxnd3Mtd2l6LXNlcnAiCHNlbGVjdCBzKgIIAzINEAAYgAQYsQMYQxiKBTIUEC4YgAQYkQIYxwEYigUYjgUYrwEyFBAuGIAEGJECGMcBGIoFGI4FGK8BMhQQLhiABBiRAhjHARiKBRiOBRivATIFEAAYgAQyCBAAGIAEGMkDMhAQLhiABBhDGMcBGIoFGK8BMgUQABiABDILEAAYgAQYkgMYigUyChAAGIAEGEMYigVI8DdQsQtYlxVwA3gBkAEAmAHHAaABkAqqAQMwLji4AQHIAQD4AQGYAgugArULwgIKEAAYsAMY1gQYR8ICDRAAGIAEGLADGEMYigXCAg4QABiwAxjkAhjWBNgBAcICFhAuGLADGNYEGEcYxwEYyAMYrwHYAQHCAhkQLhiABBiwAxhDGMcBGMgDGIoFGK8B2AEBwgIZEC4YgAQYsAMY0QMYQxjHARjIAxiKBdgBAcICCxAAGIAEGJECGIoFwgIOEC4YgAQYsQMYgwEYigXCAgsQLhiABBixAxiDAcICERAuGIAEGLEDGNEDGIMBGMcBwgILEAAYgAQYsQMYgwHCAgoQLhiABBhDGIoFwgINEC4YgAQYsQMYQxiKBcICCxAuGIAEGNEDGMcBwgITEC4YgAQYQxjHARiKBRiOBRivAcICFhAuGIAEGLEDGNEDGEMYxwEYyQMYigXCAhAQLhiABBjRAxhDGMcBGIoFwgITEC4YgAQYsQMY0QMYQxjHARiKBcICDhAuGIAEGJIDGMcBGK8BwgIIEAAYgAQYkgPCAgsQLhiABBjHARivAZgDAIgGAZAGE7oGBggBEAEYCZIHBTMuNi4yoAfDwQGyBwUwLjYuMrgHjQvCBwQzLTExyAeNAQ&amp;sclient=gws-wiz-serp#\">(786) 609-9200<\/a><\/a><\/p>\n\n\n\n<p><strong>Select Specialty Hospital &#8211; Miami <br><\/strong><a href=\"https:\/\/www.google.com\/search?sca_esv=b97f4a4cdc4a391b&amp;rlz=1C1CHBF_enCA862CA862&amp;q=kendall+regional+medical+center+address&amp;ludocid=1041738582533921344&amp;sa=X&amp;ved=2ahUKEwiuk7Hu09aQAxUyRjABHS88Gb8Q6BN6BAgsEAI\">Direcci\u00f3n<\/a><strong>:\u00a0\u00a0<\/strong>955 NW 3rd St, Miami, FL 33128<br>Tel\u00e9fono<strong>:\u00a0<\/strong><a href=\"https:\/\/www.google.com\/search?q=hca+florida+kendall+hospital&amp;rlz=1C1CHBF_enCA862CA862&amp;oq=hca+florida+kendall+hospital&amp;gs_lcrp=EgZjaHJvbWUqCggAEAAY4wIYgAQyCggAEAAY4wIYgAQyDQgBEC4YrwEYxwEYgAQyBwgCEAAYgAQyBwgDEAAYgAQyBwgEEAAYgAQyDQgFEC4YrwEYxwEYgAQyBwgGEAAYgAQyBwgHEAAYgAQyDQgIEC4YrwEYxwEYgAQyBwgJEAAYgATSAQg4NjM3ajBqN6gCALACAA&amp;sourceid=chrome&amp;ie=UTF-8#\"><a href=\"https:\/\/www.google.com\/search?q=select+specialty+hospital+-+miami+lakes&amp;sca_esv=b97f4a4cdc4a391b&amp;rlz=1C1CHBF_enCA862CA862&amp;ei=VfoIae6UI7KMwbkPr_jk-As&amp;gs_ssp=eJwFwcENhCAQAMD4NbGH_RhfF9kYObAEu1gWUCIqd_BQq3embvqlR_TbIf7P7xDV1IpLKauN8YYUSzuincT1HbRmiUYiD9Z7NXfZRccFcnIcKJYb1jOnUCjCB_ZAe4BIm8sviHAfBg&amp;oq=select+s&amp;gs_lp=Egxnd3Mtd2l6LXNlcnAiCHNlbGVjdCBzKgIIAzINEAAYgAQYsQMYQxiKBTIUEC4YgAQYkQIYxwEYigUYjgUYrwEyFBAuGIAEGJECGMcBGIoFGI4FGK8BMhQQLhiABBiRAhjHARiKBRiOBRivATIFEAAYgAQyCBAAGIAEGMkDMhAQLhiABBhDGMcBGIoFGK8BMgUQABiABDILEAAYgAQYkgMYigUyChAAGIAEGEMYigVI8DdQsQtYlxVwA3gBkAEAmAHHAaABkAqqAQMwLji4AQHIAQD4AQGYAgugArULwgIKEAAYsAMY1gQYR8ICDRAAGIAEGLADGEMYigXCAg4QABiwAxjkAhjWBNgBAcICFhAuGLADGNYEGEcYxwEYyAMYrwHYAQHCAhkQLhiABBiwAxhDGMcBGMgDGIoFGK8B2AEBwgIZEC4YgAQYsAMY0QMYQxjHARjIAxiKBdgBAcICCxAAGIAEGJECGIoFwgIOEC4YgAQYsQMYgwEYigXCAgsQLhiABBixAxiDAcICERAuGIAEGLEDGNEDGIMBGMcBwgILEAAYgAQYsQMYgwHCAgoQLhiABBhDGIoFwgINEC4YgAQYsQMYQxiKBcICCxAuGIAEGNEDGMcBwgITEC4YgAQYQxjHARiKBRiOBRivAcICFhAuGIAEGLEDGNEDGEMYxwEYyQMYigXCAhAQLhiABBjRAxhDGMcBGIoFwgITEC4YgAQYsQMY0QMYQxjHARiKBcICDhAuGIAEGJIDGMcBGK8BwgIIEAAYgAQYkgPCAgsQLhiABBjHARivAZgDAIgGAZAGE7oGBggBEAEYCZIHBTMuNi4yoAfDwQGyBwUwLjYuMrgHjQvCBwQzLTExyAeNAQ&amp;sclient=gws-wiz-serp#\"><a href=\"https:\/\/www.google.com\/search?q=select+specialty+hospital+-+miami+&amp;sca_esv=b97f4a4cdc4a391b&amp;rlz=1C1CHBF_enCA862CA862&amp;ei=tPoIaZOaII2LwbkPp8bRqQE&amp;ved=0ahUKEwiTxNSb1NaQAxWNRTABHSdjNBUQ4dUDCBE&amp;uact=5&amp;oq=select+specialty+hospital+-+miami+&amp;gs_lp=Egxnd3Mtd2l6LXNlcnAiInNlbGVjdCBzcGVjaWFsdHkgaG9zcGl0YWwgLSBtaWFtaSAyERAuGIAEGJECGMcBGIoFGK8BMgUQABiABDIFEAAYgAQyBRAAGIAEMgUQABiABDIGEAAYFhgeMgYQABgWGB4yBhAAGBYYHjIGEAAYFhgeMgYQABgWGB4yIBAuGIAEGJECGMcBGIoFGK8BGJcFGNwEGN4EGOAE2AEBSKEKUOEFWOEFcAJ4AZABAJgBnAGgAZwBqgEDMC4xuAEDyAEA-AEBmAIDoALTAcICChAAGLADGNYEGEeYAwCIBgGQBgi6BgYIARABGBSSBwMyLjGgB4sLsgcDMC4xuAe6AcIHBTMtMi4xyAcu&amp;sclient=gws-wiz-serp#\">(305) 416-5700<\/a><\/a><\/a><\/p>\n\n\n\n<p><strong>West Gables Rehabilitation Hospital<br><\/strong><a href=\"https:\/\/www.google.com\/search?sca_esv=b97f4a4cdc4a391b&amp;rlz=1C1CHBF_enCA862CA862&amp;q=kendall+regional+medical+center+address&amp;ludocid=1041738582533921344&amp;sa=X&amp;ved=2ahUKEwiuk7Hu09aQAxUyRjABHS88Gb8Q6BN6BAgsEAI\">Direcci\u00f3n<\/a><strong>:\u00a0\u00a0<\/strong>2525 SW 75th Ave, Miami, FL 33155<br>Tel\u00e9fono<strong>:\u00a0<\/strong><a href=\"https:\/\/www.google.com\/search?q=hca+florida+kendall+hospital&amp;rlz=1C1CHBF_enCA862CA862&amp;oq=hca+florida+kendall+hospital&amp;gs_lcrp=EgZjaHJvbWUqCggAEAAY4wIYgAQyCggAEAAY4wIYgAQyDQgBEC4YrwEYxwEYgAQyBwgCEAAYgAQyBwgDEAAYgAQyBwgEEAAYgAQyDQgFEC4YrwEYxwEYgAQyBwgGEAAYgAQyBwgHEAAYgAQyDQgIEC4YrwEYxwEYgAQyBwgJEAAYgATSAQg4NjM3ajBqN6gCALACAA&amp;sourceid=chrome&amp;ie=UTF-8#\"><a href=\"https:\/\/www.google.com\/search?q=select+specialty+hospital+-+miami+lakes&amp;sca_esv=b97f4a4cdc4a391b&amp;rlz=1C1CHBF_enCA862CA862&amp;ei=VfoIae6UI7KMwbkPr_jk-As&amp;gs_ssp=eJwFwcENhCAQAMD4NbGH_RhfF9kYObAEu1gWUCIqd_BQq3embvqlR_TbIf7P7xDV1IpLKauN8YYUSzuincT1HbRmiUYiD9Z7NXfZRccFcnIcKJYb1jOnUCjCB_ZAe4BIm8sviHAfBg&amp;oq=select+s&amp;gs_lp=Egxnd3Mtd2l6LXNlcnAiCHNlbGVjdCBzKgIIAzINEAAYgAQYsQMYQxiKBTIUEC4YgAQYkQIYxwEYigUYjgUYrwEyFBAuGIAEGJECGMcBGIoFGI4FGK8BMhQQLhiABBiRAhjHARiKBRiOBRivATIFEAAYgAQyCBAAGIAEGMkDMhAQLhiABBhDGMcBGIoFGK8BMgUQABiABDILEAAYgAQYkgMYigUyChAAGIAEGEMYigVI8DdQsQtYlxVwA3gBkAEAmAHHAaABkAqqAQMwLji4AQHIAQD4AQGYAgugArULwgIKEAAYsAMY1gQYR8ICDRAAGIAEGLADGEMYigXCAg4QABiwAxjkAhjWBNgBAcICFhAuGLADGNYEGEcYxwEYyAMYrwHYAQHCAhkQLhiABBiwAxhDGMcBGMgDGIoFGK8B2AEBwgIZEC4YgAQYsAMY0QMYQxjHARjIAxiKBdgBAcICCxAAGIAEGJECGIoFwgIOEC4YgAQYsQMYgwEYigXCAgsQLhiABBixAxiDAcICERAuGIAEGLEDGNEDGIMBGMcBwgILEAAYgAQYsQMYgwHCAgoQLhiABBhDGIoFwgINEC4YgAQYsQMYQxiKBcICCxAuGIAEGNEDGMcBwgITEC4YgAQYQxjHARiKBRiOBRivAcICFhAuGIAEGLEDGNEDGEMYxwEYyQMYigXCAhAQLhiABBjRAxhDGMcBGIoFwgITEC4YgAQYsQMY0QMYQxjHARiKBcICDhAuGIAEGJIDGMcBGK8BwgIIEAAYgAQYkgPCAgsQLhiABBjHARivAZgDAIgGAZAGE7oGBggBEAEYCZIHBTMuNi4yoAfDwQGyBwUwLjYuMrgHjQvCBwQzLTExyAeNAQ&amp;sclient=gws-wiz-serp#\"><a href=\"https:\/\/www.google.com\/search?q=select+specialty+hospital+-+miami+&amp;sca_esv=b97f4a4cdc4a391b&amp;rlz=1C1CHBF_enCA862CA862&amp;ei=tPoIaZOaII2LwbkPp8bRqQE&amp;ved=0ahUKEwiTxNSb1NaQAxWNRTABHSdjNBUQ4dUDCBE&amp;uact=5&amp;oq=select+specialty+hospital+-+miami+&amp;gs_lp=Egxnd3Mtd2l6LXNlcnAiInNlbGVjdCBzcGVjaWFsdHkgaG9zcGl0YWwgLSBtaWFtaSAyERAuGIAEGJECGMcBGIoFGK8BMgUQABiABDIFEAAYgAQyBRAAGIAEMgUQABiABDIGEAAYFhgeMgYQABgWGB4yBhAAGBYYHjIGEAAYFhgeMgYQABgWGB4yIBAuGIAEGJECGMcBGIoFGK8BGJcFGNwEGN4EGOAE2AEBSKEKUOEFWOEFcAJ4AZABAJgBnAGgAZwBqgEDMC4xuAEDyAEA-AEBmAIDoALTAcICChAAGLADGNYEGEeYAwCIBgGQBgi6BgYIARABGBSSBwMyLjGgB4sLsgcDMC4xuAe6AcIHBTMtMi4xyAcu&amp;sclient=gws-wiz-serp#\"><a href=\"https:\/\/www.google.com\/search?q=west+gable+rehab&amp;sca_esv=b97f4a4cdc4a391b&amp;rlz=1C1CHBF_enCA862CA862&amp;ei=5foIafbiI7eZwbkPw72TwAw&amp;gs_ssp=eJzj4tLP1TcwSTdOK0w2YLRSNaiwsEixTLIwTU1KTE00NzQwtjKoSEy1NEsxtEhLMjI3NTM2NfESKE8tLlFIT0zKSVUoSs1ITAIAqJcUWw&amp;oq=west+gable+re&amp;gs_lp=Egxnd3Mtd2l6LXNlcnAiDXdlc3QgZ2FibGUgcmUqAggAMgsQLhiABBjHARivATIHEAAYgAQYCjIHEAAYgAQYCjIHEAAYgAQYCjIHEAAYgAQYCjIGEAAYFhgeMgYQABgWGB4yBhAAGBYYHjIGEAAYFhgeMgYQABgWGB4yGhAuGIAEGMcBGK8BGJcFGNwEGN4EGOAE2AEBSKcwUIQIWOwkcAR4AZABAZgBoAWgAZ0kqgELMC40LjUuMC4xLjS4AQHIAQD4AQGYAhGgAq0hwgIKEAAYsAMY1gQYR8ICDRAAGLADGNYEGEcYyQPCAg4QABiABBiwAxiSAxiKBcICEBAuGIAEGEMYxwEYigUYrwHCAg4QLhiABBixAxjRAxjHAcICERAuGIAEGLEDGNEDGIMBGMcBwgILEC4YgAQYsQMYgwHCAgsQABiABBixAxiDAcICBRAAGIAEwgILEC4YgAQY0QMYxwHCAg4QLhiABBixAxiDARiKBcICHxAuGIAEGEMYxwEYigUYrwEYlwUY3AQY3gQY4ATYAQHCAgoQABiABBhDGIoFwgIQEAAYgAQYsQMYQxiDARiKBcICCBAuGIAEGLEDwgIOEAAYgAQYsQMYgwEYigXCAgUQLhiABMICChAuGIAEGEMYigXCAhAQLhiABBixAxhDGIMBGIoFwgIIEAAYgAQYsQPCAhAQLhiABBixAxjRAxjHARgKwgIREC4YgAQYsQMYgwEY1AIYigXCAgcQLhiABBgKmAMAiAYBkAYKugYGCAEQARgUkgcLNC4zLjYuMC4yLjKgB4aKArIHCzAuMy42LjAuMi4yuAf9IMIHBjMtMTUuMsgH8AE&amp;sclient=gws-wiz-serp#\">(305) 262-6800<\/a><\/a><\/a><\/a><\/p>\n\n\n\n<p><strong>Kindred Hospital South Florida &#8211; Coral Gables<\/strong><br><a href=\"https:\/\/www.google.com\/search?sca_esv=b97f4a4cdc4a391b&amp;rlz=1C1CHBF_enCA862CA862&amp;q=kendall+regional+medical+center+address&amp;ludocid=1041738582533921344&amp;sa=X&amp;ved=2ahUKEwiuk7Hu09aQAxUyRjABHS88Gb8Q6BN6BAgsEAI\">Direcci\u00f3n<\/a><strong>:\u00a0\u00a0\u00a0<\/strong>5190 SW 8th St, Coral Gables, FL 33134<br>Tel\u00e9fono<strong>:\u00a0<\/strong><a href=\"https:\/\/www.google.com\/search?q=hca+florida+kendall+hospital&amp;rlz=1C1CHBF_enCA862CA862&amp;oq=hca+florida+kendall+hospital&amp;gs_lcrp=EgZjaHJvbWUqCggAEAAY4wIYgAQyCggAEAAY4wIYgAQyDQgBEC4YrwEYxwEYgAQyBwgCEAAYgAQyBwgDEAAYgAQyBwgEEAAYgAQyDQgFEC4YrwEYxwEYgAQyBwgGEAAYgAQyBwgHEAAYgAQyDQgIEC4YrwEYxwEYgAQyBwgJEAAYgATSAQg4NjM3ajBqN6gCALACAA&amp;sourceid=chrome&amp;ie=UTF-8#\"><a href=\"https:\/\/www.google.com\/search?q=select+specialty+hospital+-+miami+lakes&amp;sca_esv=b97f4a4cdc4a391b&amp;rlz=1C1CHBF_enCA862CA862&amp;ei=VfoIae6UI7KMwbkPr_jk-As&amp;gs_ssp=eJwFwcENhCAQAMD4NbGH_RhfF9kYObAEu1gWUCIqd_BQq3embvqlR_TbIf7P7xDV1IpLKauN8YYUSzuincT1HbRmiUYiD9Z7NXfZRccFcnIcKJYb1jOnUCjCB_ZAe4BIm8sviHAfBg&amp;oq=select+s&amp;gs_lp=Egxnd3Mtd2l6LXNlcnAiCHNlbGVjdCBzKgIIAzINEAAYgAQYsQMYQxiKBTIUEC4YgAQYkQIYxwEYigUYjgUYrwEyFBAuGIAEGJECGMcBGIoFGI4FGK8BMhQQLhiABBiRAhjHARiKBRiOBRivATIFEAAYgAQyCBAAGIAEGMkDMhAQLhiABBhDGMcBGIoFGK8BMgUQABiABDILEAAYgAQYkgMYigUyChAAGIAEGEMYigVI8DdQsQtYlxVwA3gBkAEAmAHHAaABkAqqAQMwLji4AQHIAQD4AQGYAgugArULwgIKEAAYsAMY1gQYR8ICDRAAGIAEGLADGEMYigXCAg4QABiwAxjkAhjWBNgBAcICFhAuGLADGNYEGEcYxwEYyAMYrwHYAQHCAhkQLhiABBiwAxhDGMcBGMgDGIoFGK8B2AEBwgIZEC4YgAQYsAMY0QMYQxjHARjIAxiKBdgBAcICCxAAGIAEGJECGIoFwgIOEC4YgAQYsQMYgwEYigXCAgsQLhiABBixAxiDAcICERAuGIAEGLEDGNEDGIMBGMcBwgILEAAYgAQYsQMYgwHCAgoQLhiABBhDGIoFwgINEC4YgAQYsQMYQxiKBcICCxAuGIAEGNEDGMcBwgITEC4YgAQYQxjHARiKBRiOBRivAcICFhAuGIAEGLEDGNEDGEMYxwEYyQMYigXCAhAQLhiABBjRAxhDGMcBGIoFwgITEC4YgAQYsQMY0QMYQxjHARiKBcICDhAuGIAEGJIDGMcBGK8BwgIIEAAYgAQYkgPCAgsQLhiABBjHARivAZgDAIgGAZAGE7oGBggBEAEYCZIHBTMuNi4yoAfDwQGyBwUwLjYuMrgHjQvCBwQzLTExyAeNAQ&amp;sclient=gws-wiz-serp#\"><a href=\"https:\/\/www.google.com\/search?q=select+specialty+hospital+-+miami+&amp;sca_esv=b97f4a4cdc4a391b&amp;rlz=1C1CHBF_enCA862CA862&amp;ei=tPoIaZOaII2LwbkPp8bRqQE&amp;ved=0ahUKEwiTxNSb1NaQAxWNRTABHSdjNBUQ4dUDCBE&amp;uact=5&amp;oq=select+specialty+hospital+-+miami+&amp;gs_lp=Egxnd3Mtd2l6LXNlcnAiInNlbGVjdCBzcGVjaWFsdHkgaG9zcGl0YWwgLSBtaWFtaSAyERAuGIAEGJECGMcBGIoFGK8BMgUQABiABDIFEAAYgAQyBRAAGIAEMgUQABiABDIGEAAYFhgeMgYQABgWGB4yBhAAGBYYHjIGEAAYFhgeMgYQABgWGB4yIBAuGIAEGJECGMcBGIoFGK8BGJcFGNwEGN4EGOAE2AEBSKEKUOEFWOEFcAJ4AZABAJgBnAGgAZwBqgEDMC4xuAEDyAEA-AEBmAIDoALTAcICChAAGLADGNYEGEeYAwCIBgGQBgi6BgYIARABGBSSBwMyLjGgB4sLsgcDMC4xuAe6AcIHBTMtMi4xyAcu&amp;sclient=gws-wiz-serp#\"><a href=\"https:\/\/www.google.com\/search?q=west+gable+rehab&amp;sca_esv=b97f4a4cdc4a391b&amp;rlz=1C1CHBF_enCA862CA862&amp;ei=5foIafbiI7eZwbkPw72TwAw&amp;gs_ssp=eJzj4tLP1TcwSTdOK0w2YLRSNaiwsEixTLIwTU1KTE00NzQwtjKoSEy1NEsxtEhLMjI3NTM2NfESKE8tLlFIT0zKSVUoSs1ITAIAqJcUWw&amp;oq=west+gable+re&amp;gs_lp=Egxnd3Mtd2l6LXNlcnAiDXdlc3QgZ2FibGUgcmUqAggAMgsQLhiABBjHARivATIHEAAYgAQYCjIHEAAYgAQYCjIHEAAYgAQYCjIHEAAYgAQYCjIGEAAYFhgeMgYQABgWGB4yBhAAGBYYHjIGEAAYFhgeMgYQABgWGB4yGhAuGIAEGMcBGK8BGJcFGNwEGN4EGOAE2AEBSKcwUIQIWOwkcAR4AZABAZgBoAWgAZ0kqgELMC40LjUuMC4xLjS4AQHIAQD4AQGYAhGgAq0hwgIKEAAYsAMY1gQYR8ICDRAAGLADGNYEGEcYyQPCAg4QABiABBiwAxiSAxiKBcICEBAuGIAEGEMYxwEYigUYrwHCAg4QLhiABBixAxjRAxjHAcICERAuGIAEGLEDGNEDGIMBGMcBwgILEC4YgAQYsQMYgwHCAgsQABiABBixAxiDAcICBRAAGIAEwgILEC4YgAQY0QMYxwHCAg4QLhiABBixAxiDARiKBcICHxAuGIAEGEMYxwEYigUYrwEYlwUY3AQY3gQY4ATYAQHCAgoQABiABBhDGIoFwgIQEAAYgAQYsQMYQxiDARiKBcICCBAuGIAEGLEDwgIOEAAYgAQYsQMYgwEYigXCAgUQLhiABMICChAuGIAEGEMYigXCAhAQLhiABBixAxhDGIMBGIoFwgIIEAAYgAQYsQPCAhAQLhiABBixAxjRAxjHARgKwgIREC4YgAQYsQMYgwEY1AIYigXCAgcQLhiABBgKmAMAiAYBkAYKugYGCAEQARgUkgcLNC4zLjYuMC4yLjKgB4aKArIHCzAuMy42LjAuMi4yuAf9IMIHBjMtMTUuMsgH8AE&amp;sclient=gws-wiz-serp#\"><a href=\"https:\/\/www.google.com\/search?q=kindred+hospital+south+florida+-+coral+gables&amp;sca_esv=b97f4a4cdc4a391b&amp;rlz=1C1CHBF_enCA862CA862&amp;ei=IvsIaYfoFvubwbkPm8rRiQc&amp;gs_ssp=eJwNyEEOgyAQAMD06iv20qORuCiLT_AXKytKSosCJj7fznGapvt2Sm9o6qle01vdRGIXK4M2ZDyimdTd0zCOFjUik2Pn5_YTfpJXgT2VI1SOUNJVd_Ax5SAMLbiU_7vxEtfyAG6_HqU&amp;oq=kindred+hospital+sou&amp;gs_lp=Egxnd3Mtd2l6LXNlcnAiFGtpbmRyZWQgaG9zcGl0YWwgc291KgIIATILEAAYgAQYkQIYigUyERAuGIAEGJECGMcBGIoFGK8BMgsQLhiABBjHARivATIREC4YgAQYkQIYxwEYigUYrwEyERAuGIAEGJECGMcBGIoFGK8BMgUQABiABDIFEAAYgAQyBRAAGIAEMgsQLhiABBjHARivATIFEAAYgAQyIBAuGIAEGJECGMcBGIoFGK8BGJcFGNwEGN4EGOAE2AEBSP5yUJcIWIVicAV4AJABAZgB5wegAZ0yqgEMMC4xMS42LjEuNi0zuAEByAEA-AEBmAIaoAKDQ8ICDhAuGIAEGLADGMcBGK8BwgIKEAAYgAQYsAMYCsICERAuGIAEGJECGNEDGMcBGIoFwgILEC4YgAQYsQMYgwHCAgoQLhiABBhDGIoFwgIIEC4YgAQYsQPCAg4QLhiABBixAxiDARiKBcICFhAuGIAEGLEDGNEDGIMBGMcBGIoFGArCAgsQLhiABBjRAxjHAcICDhAuGIAEGLEDGNEDGMcBwgIKEAAYgAQYQxiKBcICEBAuGIAEGEMYxwEYigUYrwHCAggQABiABBixA8ICDhAuGIAEGLEDGIMBGOUEwgINEAAYgAQYsQMYQxiKBcICDhAAGIAEGJECGLEDGIoFwgINEC4YgAQYxwEYChivAcICHxAuGIAEGEMYxwEYigUYrwEYlwUY3AQY3gQY4ATYAQHCAhoQLhiABBjHARivARiXBRjcBBjeBBjgBNgBAZgDAIgGAZAGBboGBggBEAEYFJIHDTUuNy45LjEuNi0zLjGgB-blA7IHCzAuNy45LjEuNi0zuAfgMsIHCjAuMS42LjE4LjHIB7YC&amp;sclient=gws-wiz-serp#\">(305) 448-1585<\/a><\/a><\/a><\/a><\/a><\/p>\n<\/div>\n<\/div>\n\n\n\n<div class=\"wp-block-column is-layout-flow wp-block-column-is-layout-flow\" style=\"flex-basis:50%\">\n<div class=\"wp-block-group is-layout-flow wp-block-group-is-layout-flow\" style=\"padding-top:var(--wp--preset--spacing--40);padding-bottom:var(--wp--preset--spacing--40)\" data-aos=\"fade-up\" data-aos-duration=\"900\">\n<iframe loading=\"lazy\" src=\"https:\/\/www.google.com\/maps\/d\/u\/1\/embed?mid=1gF2XUsSBNvCZNPOsmk-HRwPRzexL7AI&#038;ehbc=2E312F&#038;noprof=1\" width=\"640\" height=\"480\"><\/iframe>\n<\/div>\n<\/div>\n<\/div>\n\n\n\n<div class=\"wp-block-group w-100 has-global-padding is-layout-constrained wp-block-group-is-layout-constrained has-background\" style=\"margin-top:0px;margin-bottom:0px;padding-top:var(--wp--preset--spacing--80);padding-bottom:var(--wp--preset--spacing--80);background-image:url(&apos;https:\/\/kendallkidneycenter.org\/wp-content\/uploads\/2025\/11\/KidneyCenterPhotos-135-scaled.jpg&apos;);background-size:cover;background-attachment:fixed;\">\n<div class=\"wp-block-columns is-layout-flex wp-container-core-columns-is-layout-a54e0cfc wp-block-columns-is-layout-flex\" style=\"padding-top:var(--wp--preset--spacing--60);padding-bottom:var(--wp--preset--spacing--60)\">\n<div class=\"wp-block-column is-vertically-aligned-center has-background is-layout-flow wp-block-column-is-layout-flow\" style=\"background-color:#ffffffb0;padding-top:var(--wp--preset--spacing--40);padding-right:var(--wp--preset--spacing--30);padding-bottom:var(--wp--preset--spacing--40);padding-left:var(--wp--preset--spacing--30)\" data-aos=\"fade-up\" data-aos-duration=\"1000\">\n<h2 class=\"wp-block-heading has-text-align-center has-foreground-color has-text-color has-link-color has-x-large-font-size wp-elements-3c4bbf541c6952ed8fe26406dbd79f8b\">\u00bfListo para comenzar su camino de atenci\u00f3n con nosotros?<\/h2>\n\n\n\n<p class=\"has-text-align-center has-foreground-color has-text-color has-link-color has-medium-font-size wp-elements-a72ce9181883313b4a47c0da005190be\">Comience visitando nuestra p\u00e1gina de Cont\u00e1ctenos o ll\u00e1menos para empezar a trabajar juntos.<\/p>\n\n\n\n<div class=\"wp-block-buttons is-content-justification-center is-layout-flex wp-container-core-buttons-is-layout-41f55948 wp-block-buttons-is-layout-flex\" style=\"margin-top:3rem\">\n<div class=\"wp-block-button is-style-fill\"><a class=\"wp-block-button__link has-background-color has-text-color has-link-color wp-element-button\" href=\"https:\/\/kendallkidneycenter.org\/es\/contact\/\">Comenzar<\/a><\/div>\n<\/div>\n<\/div>\n<\/div>\n<\/div>","protected":false},"excerpt":{"rendered":"<p>Hospital Affiliations HCA Florida Kendall HospitalAddress:&nbsp;11750 SW 40th St, Miami, FL 33175Phone:&nbsp;(305) 223-3000 Select Specialty Hospital &#8211; Miami LakesAddress:\u00a014001 NW 82nd Ave, Miami Lakes, FL 33016Phone:\u00a0(786) 609-9200 Select Specialty Hospital &#8211; Miami Address:\u00a0\u00a0955 NW 3rd St, Miami, FL 33128Phone:\u00a0(305) 416-5700 West Gables Rehabilitation HospitalAddress:\u00a0\u00a02525 SW 75th Ave, Miami, FL 33155Phone:\u00a0(305) 262-6800 Kindred Hospital South Florida [&hellip;]<\/p>\n","protected":false},"author":1,"featured_media":0,"parent":0,"menu_order":0,"comment_status":"closed","ping_status":"closed","template":"","meta":{"footnotes":""},"class_list":["post-69","page","type-page","status-publish","hentry"],"_links":{"self":[{"href":"https:\/\/kendallkidneycenter.org\/es\/wp-json\/wp\/v2\/pages\/69","targetHints":{"allow":["GET"]}}],"collection":[{"href":"https:\/\/kendallkidneycenter.org\/es\/wp-json\/wp\/v2\/pages"}],"about":[{"href":"https:\/\/kendallkidneycenter.org\/es\/wp-json\/wp\/v2\/types\/page"}],"author":[{"embeddable":true,"href":"https:\/\/kendallkidneycenter.org\/es\/wp-json\/wp\/v2\/users\/1"}],"replies":[{"embeddable":true,"href":"https:\/\/kendallkidneycenter.org\/es\/wp-json\/wp\/v2\/comments?post=69"}],"version-history":[{"count":31,"href":"https:\/\/kendallkidneycenter.org\/es\/wp-json\/wp\/v2\/pages\/69\/revisions"}],"predecessor-version":[{"id":1178,"href":"https:\/\/kendallkidneycenter.org\/es\/wp-json\/wp\/v2\/pages\/69\/revisions\/1178"}],"wp:attachment":[{"href":"https:\/\/kendallkidneycenter.org\/es\/wp-json\/wp\/v2\/media?parent=69"}],"curies":[{"name":"wp","href":"https:\/\/api.w.org\/{rel}","templated":true}]}}