{"id":68,"date":"2025-09-10T19:47:56","date_gmt":"2025-09-10T19:47:56","guid":{"rendered":"https:\/\/kendallkidneycenter.org\/?page_id=68"},"modified":"2025-12-04T00:56:08","modified_gmt":"2025-12-04T00:56:08","slug":"diet-nutrition","status":"publish","type":"page","link":"https:\/\/kendallkidneycenter.org\/es\/diet-nutrition\/","title":{"rendered":"Diet &#038; Nutrition"},"content":{"rendered":"<div class=\"wp-block-group alignfull has-background-color has-foreground-background-color has-text-color has-background has-global-padding is-layout-constrained wp-container-core-group-is-layout-25b4359b wp-block-group-is-layout-constrained\" style=\"margin-top:0px;margin-bottom:0;padding-top:0;padding-right:0;padding-bottom:0;padding-left:0\">\n<div class=\"wp-block-media-text alignfull is-stacked-on-mobile is-image-fill-element has-custom-white-color has-tertiary-background-color has-text-color has-background\"><figure class=\"wp-block-media-text__media\"><img loading=\"lazy\" decoding=\"async\" width=\"1024\" height=\"683\" src=\"https:\/\/kendallkidneycenter.org\/wp-content\/uploads\/2025\/11\/KidneyCenterPhotos-22.jpg\" alt=\"\" class=\"wp-image-884 size-full\" style=\"object-position:50% 50%\" srcset=\"https:\/\/kendallkidneycenter.org\/wp-content\/uploads\/2025\/11\/KidneyCenterPhotos-22.jpg 1024w, https:\/\/kendallkidneycenter.org\/wp-content\/uploads\/2025\/11\/KidneyCenterPhotos-22-900x600.jpg 900w, https:\/\/kendallkidneycenter.org\/wp-content\/uploads\/2025\/11\/KidneyCenterPhotos-22-768x512.jpg 768w, https:\/\/kendallkidneycenter.org\/wp-content\/uploads\/2025\/11\/KidneyCenterPhotos-22-18x12.jpg 18w, https:\/\/kendallkidneycenter.org\/wp-content\/uploads\/2025\/11\/KidneyCenterPhotos-22-300x200.jpg 300w\" sizes=\"auto, (max-width: 1024px) 100vw, 1024px\" \/><\/figure><div class=\"wp-block-media-text__content\">\n<div class=\"wp-block-group alignwide has-global-padding is-content-justification-left is-layout-constrained wp-container-core-group-is-layout-216d53c3 wp-block-group-is-layout-constrained\" style=\"padding-top:var(--wp--preset--spacing--70);padding-right:0;padding-bottom:var(--wp--preset--spacing--70);padding-left:0px\">\n<h1 class=\"wp-block-heading has-background-color has-text-color has-jost-font-family has-xx-large-font-size\" style=\"margin-top:0px;margin-left:0;padding-top:0px;padding-bottom:0px\" data-aos=\"fade-up\" data-aos-duration=\"1050\">Dieta y Nutrici\u00f3n<\/h1>\n\n\n\n<p class=\"has-medium-font-size\" style=\"margin-top:var(--wp--preset--spacing--20);margin-left:0px\" data-aos=\"fade-up\" data-aos-duration=\"1000\">La nutrici\u00f3n es clave para manejar la enfermedad renal y su salud en general. Aprenda m\u00e1s sobre la alimentaci\u00f3n y sus ri\u00f1ones.<\/p>\n<\/div>\n<\/div><\/div>\n<\/div>\n\n\n\n<div class=\"wp-block-group is-layout-flow wp-block-group-is-layout-flow\" style=\"padding-top:var(--wp--preset--spacing--40);padding-bottom:var(--wp--preset--spacing--40)\" data-aos=\"fade-up\" data-aos-duration=\"900\">\n<h2 class=\"wp-block-heading has-text-align-center\"><strong>Nutrici\u00f3n General<\/strong><\/h2>\n\n\n\n<p class=\"has-text-align-center\">Una dieta bien equilibrada, con alimentos nutritivos y bajos en sodio, ricos en vitaminas y minerales, puede ralentizar o detener la progresi\u00f3n de la enfermedad renal.<\/p>\n\n\n\n<details class=\"wp-block-details has-border-color has-secondary-border-color is-layout-flow wp-block-details-is-layout-flow\" style=\"border-width:2px;padding-top:var(--wp--preset--spacing--30);padding-right:var(--wp--preset--spacing--30);padding-bottom:var(--wp--preset--spacing--30);padding-left:var(--wp--preset--spacing--30)\" open><summary>F\u00f3sforo y su dieta<\/summary>\n<p>El f\u00f3sforo es un mineral que se encuentra en los huesos. Junto con el calcio, el f\u00f3sforo es necesario para formar huesos fuertes y saludables, as\u00ed como para mantener otras partes de su cuerpo en buen estado.<\/p>\n\n\n\n<div class=\"wp-block-buttons is-layout-flex wp-block-buttons-is-layout-flex\">\n<div class=\"wp-block-button\"><a class=\"wp-block-button__link wp-element-button\" href=\"https:\/\/kendallkidneycenter.org\/es\/diet-nutrition\/phosphorus-diet\/\">M\u00e1s Informaci\u00f3n<\/a><\/div>\n<\/div>\n<\/details>\n\n\n\n<details class=\"wp-block-details has-border-color has-secondary-border-color is-layout-flow wp-block-details-is-layout-flow\" style=\"border-width:2px;padding-top:var(--wp--preset--spacing--30);padding-right:var(--wp--preset--spacing--30);padding-bottom:var(--wp--preset--spacing--30);padding-left:var(--wp--preset--spacing--30)\" open><summary>Potasio en su dieta<\/summary>\n<p>El potasio es vital para muchas funciones del cuerpo, y las personas con enfermedad renal deben controlar sus niveles. Aprenda c\u00f3mo manejar la ingesta de potasio para mantenerse saludable.<\/p>\n\n\n\n<div class=\"wp-block-buttons is-layout-flex wp-block-buttons-is-layout-flex\">\n<div class=\"wp-block-button\"><a class=\"wp-block-button__link wp-element-button\" href=\"https:\/\/kendallkidneycenter.org\/es\/diet-nutrition\/potassium-diet\/\">M\u00e1s Informaci\u00f3n<\/a><\/div>\n<\/div>\n<\/details>\n\n\n\n<details class=\"wp-block-details has-border-color has-secondary-border-color has-background-background-color has-background has-medium-font-size is-layout-flow wp-container-core-details-is-layout-2a10179c wp-block-details-is-layout-flow\" style=\"border-width:2px;padding-top:var(--wp--preset--spacing--30);padding-right:var(--wp--preset--spacing--30);padding-bottom:var(--wp--preset--spacing--30);padding-left:var(--wp--preset--spacing--30)\"><summary>Nutrici\u00f3n y hemodi\u00e1lisis<\/summary>\n<p style=\"margin-top:var(--wp--preset--spacing--20)\"><\/p>\n\n\n\n<p>En hemodi\u00e1lisis, la alimentaci\u00f3n es fundamental. Necesitar\u00e1s limitar los l\u00edquidos y ajustar el consumo de ciertos alimentos. Tu dietista te guiar\u00e1 para equilibrar las prote\u00ednas, las calor\u00edas y los nutrientes.<\/p>\n\n\n\n<p><\/p>\n\n\n\n<p>Ahora que est\u00e1s comenzando la hemodi\u00e1lisis, puede haber muchos cambios en tu vida diaria. Es probable que tu m\u00e9dico te haya dicho que necesitar\u00e1s hacer algunos cambios en tu alimentaci\u00f3n. El dietista renal de tu centro de di\u00e1lisis te ayudar\u00e1 a planificar una dieta seg\u00fan tus necesidades especiales.<\/p>\n\n\n\n<hr class=\"wp-block-separator has-text-color has-background-color has-alpha-channel-opacity has-background-background-color has-background\" style=\"margin-top:var(--wp--preset--spacing--20);margin-bottom:var(--wp--preset--spacing--20)\"\/>\n\n\n\n<h3 class=\"wp-block-heading\" style=\"margin-bottom:var(--wp--preset--spacing--20)\">\u00bfPor qu\u00e9 necesito seguir una dieta especial?<\/h3>\n\n\n\n<p>Debido a que tus ri\u00f1ones no pueden eliminar suficientes desechos y l\u00edquidos de la sangre y tu cuerpo ahora tiene necesidades especiales, necesitar\u00e1s limitar los l\u00edquidos y cambiar el consumo de ciertos alimentos en tu dieta. Qu\u00e9 tan bien te sientas depender\u00e1 de:<\/p>\n\n\n\n<ul style=\"margin-bottom:var(--wp--preset--spacing--20)\" class=\"wp-block-list\">\n<li>Consumir el tipo y la cantidad correcta de alimentos seg\u00fan tu dieta<\/li>\n\n\n\n<li>Recibir los tratamientos de hemodi\u00e1lisis que tu m\u00e9dico te indique<\/li>\n\n\n\n<li>Tomar los medicamentos que tu m\u00e9dico te indique.<\/li>\n<\/ul>\n\n\n\n<p>Tu alimentaci\u00f3n es muy importante para tu cuidado. Es fundamental que consumas la cantidad adecuada de prote\u00ednas, calor\u00edas, l\u00edquidos, vitaminas y minerales cada d\u00eda. Tu dietista te ayudar\u00e1 a planificar tus comidas para asegurarse de que tengas el equilibrio adecuado. <\/p>\n\n\n\n<p><\/p>\n\n\n\n<hr class=\"wp-block-separator has-text-color has-background-color has-alpha-channel-opacity has-background-background-color has-background\" style=\"margin-top:var(--wp--preset--spacing--20);margin-bottom:var(--wp--preset--spacing--20)\"\/>\n\n\n\n<h3 class=\"wp-block-heading\" style=\"margin-bottom:var(--wp--preset--spacing--20)\">\u00bfC\u00f3mo sabr\u00e9 si estoy comiendo correctamente para mantenerme saludable?<\/h3>\n\n\n\n<p>Debido a que est\u00e1s en di\u00e1lisis, tienes necesidades muy especiales. Comer bien te ayuda a mantenerte saludable. Comer de manera inadecuada puede aumentar tu riesgo de enfermedad. Tu dietista hablar\u00e1 contigo sobre c\u00f3mo te est\u00e1s alimentando.<\/p>\n\n\n\n<p>Algunas preguntas que podr\u00edan hacerte:<\/p>\n\n\n\n<ul style=\"margin-bottom:var(--wp--preset--spacing--20)\" class=\"wp-block-list\">\n<li>\u00bfHas notado alg\u00fan cambio en el tipo o la cantidad de alimentos que consumes cada d\u00eda?<\/li>\n\n\n\n<li>\u00bfHas tenido alg\u00fan problema para comer tu dieta habitual o la recomendada?<\/li>\n\n\n\n<li>\u00bfHas perdido peso sin intentarlo?<\/li>\n\n\n\n<li>\u00bfHas notado alg\u00fan cambio en tu fuerza o en tu capacidad para cuidar de ti mismo\/a?<\/li>\n<\/ul>\n\n\n\n<p>Tu dietista o enfermera podr\u00eda examinar las reservas de grasa y m\u00fasculo en tu rostro, manos, brazos, hombros y piernas. Tu equipo de cuidado de di\u00e1lisis observar\u00e1 los cambios en el nivel de prote\u00ednas en tu sangre, y especialmente una llamada alb\u00famina. Un cambio en esta prote\u00edna puede indicar que est\u00e1s perdiendo prote\u00edna corporal.<\/p>\n\n\n\n<p>Algunos an\u00e1lisis de sangre especiales que se realizan cada mes se llaman Kt\/V (pronunciado \u201ckay tee over vee\u201d) o \u00edndice de reducci\u00f3n de urea (URR, por sus siglas en ingl\u00e9s). Estos an\u00e1lisis ayudan a tu m\u00e9dico a determinar si est\u00e1s recibiendo suficiente di\u00e1lisis. Recibir la cantidad adecuada de di\u00e1lisis es importante para ayudarte a sentirte lo mejor posible.<\/p>\n\n\n\n<p>Un cambio en tus reservas de grasa y m\u00fasculo o en cualquiera de estos an\u00e1lisis de sangre podr\u00eda ser una se\u00f1al de que no est\u00e1s recibiendo suficiente di\u00e1lisis. Junto con el Kt\/V, estos an\u00e1lisis proporcionan informaci\u00f3n sobre tu ingesta de prote\u00ednas o sobre el equivalente proteico de aparici\u00f3n de nitr\u00f3geno (PNA, por sus siglas en ingl\u00e9s). Usando el PNA, tu alb\u00famina y cualquier cambio en tu apetito, tu dietista determinar\u00e1 si est\u00e1s consumiendo suficientes alimentos adecuados. La cantidad correcta de di\u00e1lisis es necesaria para asegurarte de que puedas disfrutar de tu comida mientras mantienes tu salud.<\/p>\n\n\n\n<p><\/p>\n\n\n\n<hr class=\"wp-block-separator has-text-color has-background-color has-alpha-channel-opacity has-background-background-color has-background\" style=\"margin-top:var(--wp--preset--spacing--20);margin-bottom:var(--wp--preset--spacing--20)\"\/>\n\n\n\n<h3 class=\"wp-block-heading\" style=\"margin-bottom:var(--wp--preset--spacing--20)\">\u00bfQu\u00e9 pasa si tengo el colesterol alto?<\/h3>\n\n\n\n<p>Cambiar tu alimentaci\u00f3n puede ayudar a reducir el nivel de colesterol en tu sangre. Tu dietista hablar\u00e1 contigo sobre los tipos de grasas y alimentos de origen animal que consumes. Adem\u00e1s, tu m\u00e9dico podr\u00eda decidir que necesitas un medicamento especial para disminuir el colesterol en tu sangre.<\/p>\n\n\n\n<hr class=\"wp-block-separator has-text-color has-background-color has-alpha-channel-opacity has-background-background-color has-background\" style=\"margin-top:var(--wp--preset--spacing--20);margin-bottom:var(--wp--preset--spacing--20)\"\/>\n\n\n\n<h3 class=\"wp-block-heading\" style=\"margin-bottom:var(--wp--preset--spacing--20)\">\u00bfQu\u00e9 pasa si tengo diabetes?<\/h3>\n\n\n\n<p>En algunos casos, es posible que solo necesites hacer algunos cambios en tu alimentaci\u00f3n para ajustarla a tus necesidades como paciente renal. Por ejemplo, algunos de los alimentos que antes pod\u00edas consumir libremente podr\u00edan necesitar ser limitados en tu dieta para los ri\u00f1ones. Tu dietista te ayudar\u00e1 a desarrollar un plan de comidas especialmente para ti.<\/p>\n\n\n\n<p><\/p>\n\n\n\n<hr class=\"wp-block-separator has-text-color has-background-color has-alpha-channel-opacity has-background-background-color has-background\" style=\"margin-top:var(--wp--preset--spacing--20);margin-bottom:var(--wp--preset--spacing--20)\"\/>\n\n\n\n<h3 class=\"wp-block-heading\" style=\"margin-bottom:var(--wp--preset--spacing--20)\">\u00bfHay algo m\u00e1s que deba saber?<\/h3>\n\n\n\n<p>Los siguientes consejos importantes pueden ser \u00fatiles para tu alimentaci\u00f3n:<\/p>\n\n\n\n<ul class=\"wp-block-list\">\n<li>Para ayudarte a evitar la sal, se pueden usar muchas hierbas y especias que hagan tu alimentaci\u00f3n m\u00e1s interesante. Consulta con tu dietista para obtener una lista de estas.<\/li>\n\n\n\n<li>Las verduras frescas o congeladas simples no contienen sal a\u00f1adida. Escurre todo el l\u00edquido de cocci\u00f3n antes de servir.<\/li>\n\n\n\n<li>Las frutas enlatadas generalmente contienen menos potasio que las frutas frescas. Escurre todo el l\u00edquido antes de servir.<\/li>\n\n\n\n<li>Los cremas no l\u00e1cteos a menudo contienen fosfato dipot\u00e1sico, que se absorbe al 100%. Actualmente, hay muchas alternativas a la leche en el mercado que son mucho m\u00e1s saludables y no contienen aditivos de f\u00f3sforo.<\/li>\n\n\n\n<li>Las etiquetas de los envases de alimentos te proporcionar\u00e1n informaci\u00f3n sobre algunos de los ingredientes que podr\u00edan no estar permitidos en tu dieta. Aprende a leer estas etiquetas.<\/li>\n<\/ul>\n<\/details>\n\n\n\n<details class=\"wp-block-details has-border-color has-secondary-border-color has-background-background-color has-background has-medium-font-size is-layout-flow wp-container-core-details-is-layout-2a10179c wp-block-details-is-layout-flow\" style=\"border-width:2px;padding-top:var(--wp--preset--spacing--30);padding-right:var(--wp--preset--spacing--30);padding-bottom:var(--wp--preset--spacing--30);padding-left:var(--wp--preset--spacing--30)\"><summary>Nutrici\u00f3n y di\u00e1lisis peritoneal<\/summary>\n<p style=\"margin-top:var(--wp--preset--spacing--20)\">Como paciente que est\u00e1 comenzando tratamientos de di\u00e1lisis peritoneal, te est\u00e1s adaptando a muchos cambios en tu vida diaria. Es probable que tu profesional de la salud te haya indicado que algunos cambios en tu alimentaci\u00f3n ser\u00e1n necesarios.<\/p>\n\n\n\n<hr class=\"wp-block-separator has-text-color has-background-color has-alpha-channel-opacity has-background-background-color has-background\" style=\"margin-top:var(--wp--preset--spacing--20);margin-bottom:var(--wp--preset--spacing--20)\"\/>\n\n\n\n<h3 class=\"wp-block-heading\" style=\"margin-bottom:var(--wp--preset--spacing--20)\">\u00bfPor qu\u00e9 tendr\u00e1s que seguir una dieta especial?<\/h3>\n\n\n\n<p>Porque tus ri\u00f1ones no pueden eliminar suficientes desechos y l\u00edquidos de tu cuerpo.<\/p>\n\n\n\n<p>Es importante que consumas las cantidades adecuadas de prote\u00ednas, calor\u00edas, vitaminas y minerales en tu dieta. Tu dietista te ayudar\u00e1 a planificar tus comidas para asegurarse de que tengas el equilibrio adecuado. Aqu\u00ed tienes algunas pautas generales:<\/p>\n\n\n\n<hr class=\"wp-block-separator has-text-color has-background-color has-alpha-channel-opacity has-background-background-color has-background\" style=\"margin-top:var(--wp--preset--spacing--20);margin-bottom:var(--wp--preset--spacing--20)\"\/>\n\n\n\n<h3 class=\"wp-block-heading\" style=\"margin-bottom:var(--wp--preset--spacing--20)\">Prote\u00ednas<\/h3>\n\n\n\n<p>Your body needs protein for growth, building muscles and repairing tissue. After your body uses the protein in the foods you eat, a waste product called urea is left. Since your kidneys are not able to get rid of this urea, you may have too much in your blood. Dialysis and your diet are important to keep the urea level down.<\/p>\n\n\n\n<p>Junto con la eliminaci\u00f3n de urea, tu cuerpo pierde prote\u00ednas que normalmente permanecen en la sangre. Necesitar\u00e1s consumir m\u00e1s prote\u00ednas para reemplazar lo que se pierde. El tipo de prote\u00edna que consumes tambi\u00e9n es muy importante. Debes comer prote\u00ednas de alta calidad en cada comida, que provienen de fuentes animales como huevos, pescado, pollo y carne. Las prote\u00ednas de baja calidad deben limitarse en tu dieta; provienen de fuentes vegetales como verduras y cereales.<\/p>\n\n\n\n<hr class=\"wp-block-separator has-text-color has-background-color has-alpha-channel-opacity has-background-background-color has-background\" style=\"margin-top:var(--wp--preset--spacing--20);margin-bottom:var(--wp--preset--spacing--20)\"\/>\n\n\n\n<h3 class=\"wp-block-heading\" style=\"margin-bottom:var(--wp--preset--spacing--20)\">Calor\u00edas<\/h3>\n\n\n\n<p>Las calor\u00edas le dan energ\u00eda a tu cuerpo. Una fuente de calor\u00edas es la comida que consumes. Otra fuente es el az\u00facar en la soluci\u00f3n de di\u00e1lisis, que puede afectarte porque:<\/p>\n\n\n\n<ul style=\"margin-bottom:var(--wp--preset--spacing--20)\" class=\"wp-block-list\">\n<li>Elimina l\u00edquido extra del cuerpo.<\/li>\n\n\n\n<li>Tu cuerpo lo absorbe.<\/li>\n\n\n\n<li>Puede causar aumento de peso no deseado.<\/li>\n<\/ul>\n\n\n\n<hr class=\"wp-block-separator has-text-color has-background-color has-alpha-channel-opacity has-background-background-color has-background\" style=\"margin-top:var(--wp--preset--spacing--20);margin-bottom:var(--wp--preset--spacing--20)\"\/>\n\n\n\n<h3 class=\"wp-block-heading\" style=\"margin-bottom:var(--wp--preset--spacing--20)\">Potasio<\/h3>\n\n\n\n<p>El potasio es un mineral que se encuentra de forma natural en los alimentos y que puede ser peligroso para tu coraz\u00f3n si hay demasiado o muy poco. Hay mucho potasio en frutas secas, frijoles y guisantes secos, nueces, carne, leche, frutas y verduras, y tambi\u00e9n en los sustitutos de la sal. Como tanto los niveles altos como bajos de potasio en tu cuerpo son peligrosos para el coraz\u00f3n, tu equipo de atenci\u00f3n m\u00e9dica controlar\u00e1 cuidadosamente tus niveles de potasio.<\/p>\n\n\n\n<hr class=\"wp-block-separator has-text-color has-background-color has-alpha-channel-opacity has-background-background-color has-background\" style=\"margin-top:var(--wp--preset--spacing--20);margin-bottom:var(--wp--preset--spacing--20)\"\/>\n\n\n\n<h3 class=\"wp-block-heading\" style=\"margin-bottom:var(--wp--preset--spacing--20)\">L\u00edquidos y sodio<\/h3>\n\n\n\n<p>El sodio es un mineral que se encuentra de forma natural en los alimentos y puede afectar tu presi\u00f3n arterial. Se encuentra en grandes cantidades en la comida r\u00e1pida, la sal de mesa, los alimentos enlatados y las carnes procesadas (embutidos, hot dogs, salchichas, tocino).<\/p>\n\n\n\n<p>Con la di\u00e1lisis peritoneal, es posible que puedas seguir tu dieta habitual. Controlar el sodio puede ayudarte a controlar la sed y el aumento de peso. Tambi\u00e9n puede reducir tu consumo de soluciones con alto contenido de az\u00facar. Tu m\u00e9dico elegir\u00e1 la soluci\u00f3n de di\u00e1lisis adecuada para ti con el fin de controlar tu presi\u00f3n arterial y el nivel de l\u00edquidos.<\/p>\n\n\n\n<hr class=\"wp-block-separator has-text-color has-background-color has-alpha-channel-opacity has-background-background-color has-background\" style=\"margin-top:var(--wp--preset--spacing--20);margin-bottom:var(--wp--preset--spacing--20)\"\/>\n\n\n\n<h3 class=\"wp-block-heading\" style=\"margin-bottom:var(--wp--preset--spacing--20)\">F\u00f3sforo<\/h3>\n\n\n\n<p>El f\u00f3sforo es un mineral presente en todos los alimentos. Se encuentra en grandes cantidades en la leche, el queso, las nueces, los frijoles y guisantes secos.<\/p>\n\n\n\n<p>Consumir alimentos altos en f\u00f3sforo aumentar\u00e1 el f\u00f3sforo en tu sangre, lo que puede causar que el calcio se extraiga de tus huesos. Esto debilitar\u00e1 tus huesos y los har\u00e1 propensos a fracturarse f\u00e1cilmente. Para ayudar a controlar el f\u00f3sforo en tu sangre, es posible que necesites tomar un medicamento llamado \u201cligante de f\u00f3sforo\u201d. Debe tomarse con tus comidas y refrigerios seg\u00fan lo indique tu profesional de la salud. Tu dietista renal tambi\u00e9n puede indicarte qu\u00e9 alimentos proteicos son m\u00e1s bajos en f\u00f3sforo.<\/p>\n\n\n\n<hr class=\"wp-block-separator has-text-color has-background-color has-alpha-channel-opacity has-background-background-color has-background\" style=\"margin-top:var(--wp--preset--spacing--20);margin-bottom:var(--wp--preset--spacing--20)\"\/>\n\n\n\n<h3 class=\"wp-block-heading\" style=\"margin-bottom:var(--wp--preset--spacing--20)\">Vitaminas y minerales<\/h3>\n\n\n\n<p>El tratamiento de di\u00e1lisis elimina algunas vitaminas solubles en agua de tu cuerpo. Si no est\u00e1s obteniendo todas las vitaminas y minerales que necesitas de los alimentos que consumes, se pueden recomendar suplementos de vitaminas y minerales. Es importante tomar solo lo que se te indique. Ciertas vitaminas y minerales pueden ser perjudiciales para las personas en di\u00e1lisis.<\/p>\n<\/details>\n<\/div>\n\n\n\n<div class=\"wp-block-group w-100 has-global-padding is-layout-constrained wp-block-group-is-layout-constrained has-background\" style=\"margin-top:0px;margin-bottom:0px;padding-top:var(--wp--preset--spacing--80);padding-bottom:var(--wp--preset--spacing--80);background-image:url(&apos;https:\/\/kendallkidneycenter.org\/wp-content\/uploads\/2025\/11\/KidneyCenterPhotos-52-scaled.jpg&apos;);background-size:cover;background-attachment:fixed;\">\n<div class=\"wp-block-columns is-layout-flex wp-container-core-columns-is-layout-a54e0cfc wp-block-columns-is-layout-flex\" style=\"padding-top:var(--wp--preset--spacing--60);padding-bottom:var(--wp--preset--spacing--60)\">\n<div class=\"wp-block-column is-vertically-aligned-center has-background is-layout-flow wp-block-column-is-layout-flow\" style=\"background-color:#ffffffb0;padding-top:var(--wp--preset--spacing--40);padding-right:var(--wp--preset--spacing--30);padding-bottom:var(--wp--preset--spacing--40);padding-left:var(--wp--preset--spacing--30)\" data-aos=\"fade-up\" data-aos-duration=\"1000\">\n<h2 class=\"wp-block-heading has-text-align-center has-foreground-color has-text-color has-link-color has-x-large-font-size wp-elements-aadb70b496aeff0e557a1b4e6370b8d0\">\u00bfListo para encontrar la opci\u00f3n de tratamiento adecuada para usted?<\/h2>\n\n\n\n<p class=\"has-text-align-center has-foreground-color has-text-color has-link-color has-medium-font-size wp-elements-463a2059078daa4f5066d1793907e216\">Cont\u00e1ctenos hoy en Kendall Kidney Center LLC para programar una cita.<\/p>\n\n\n\n<div class=\"wp-block-buttons is-content-justification-center is-layout-flex wp-container-core-buttons-is-layout-41f55948 wp-block-buttons-is-layout-flex\" style=\"margin-top:3rem\">\n<div class=\"wp-block-button is-style-fill\"><a class=\"wp-block-button__link has-background-color has-text-color has-link-color wp-element-button\" href=\"https:\/\/kendallkidneycenter.org\/es\/contact\/\">Comenzar<\/a><\/div>\n<\/div>\n<\/div>\n<\/div>\n<\/div>","protected":false},"excerpt":{"rendered":"<p>Diet &amp; Nutrition Nutrition is key to managing kidney disease and your overall health. Learn more about food and your kidneys. General Nutrition A well-balanced diet of nutritious, low-sodium foods rich in vitamins and minerals can slow or stop kidney disease progression. Ready to find the treatment option that\u2019s right for you? Contact Kendall Kidney [&hellip;]<\/p>\n","protected":false},"author":1,"featured_media":0,"parent":0,"menu_order":0,"comment_status":"closed","ping_status":"closed","template":"","meta":{"footnotes":""},"class_list":["post-68","page","type-page","status-publish","hentry"],"_links":{"self":[{"href":"https:\/\/kendallkidneycenter.org\/es\/wp-json\/wp\/v2\/pages\/68","targetHints":{"allow":["GET"]}}],"collection":[{"href":"https:\/\/kendallkidneycenter.org\/es\/wp-json\/wp\/v2\/pages"}],"about":[{"href":"https:\/\/kendallkidneycenter.org\/es\/wp-json\/wp\/v2\/types\/page"}],"author":[{"embeddable":true,"href":"https:\/\/kendallkidneycenter.org\/es\/wp-json\/wp\/v2\/users\/1"}],"replies":[{"embeddable":true,"href":"https:\/\/kendallkidneycenter.org\/es\/wp-json\/wp\/v2\/comments?post=68"}],"version-history":[{"count":35,"href":"https:\/\/kendallkidneycenter.org\/es\/wp-json\/wp\/v2\/pages\/68\/revisions"}],"predecessor-version":[{"id":1209,"href":"https:\/\/kendallkidneycenter.org\/es\/wp-json\/wp\/v2\/pages\/68\/revisions\/1209"}],"wp:attachment":[{"href":"https:\/\/kendallkidneycenter.org\/es\/wp-json\/wp\/v2\/media?parent=68"}],"curies":[{"name":"wp","href":"https:\/\/api.w.org\/{rel}","templated":true}]}}