{"id":650,"date":"2025-09-18T17:10:05","date_gmt":"2025-09-18T17:10:05","guid":{"rendered":"https:\/\/kendallkidneycenter.org\/?page_id=650"},"modified":"2025-11-06T18:22:53","modified_gmt":"2025-11-06T18:22:53","slug":"medical-team","status":"publish","type":"page","link":"https:\/\/kendallkidneycenter.org\/es\/medical-team\/","title":{"rendered":"Equipo M\u00e9dico"},"content":{"rendered":"<div class=\"wp-block-group alignfull has-background-color has-foreground-background-color has-text-color has-background has-global-padding is-layout-constrained wp-container-core-group-is-layout-25b4359b wp-block-group-is-layout-constrained\" style=\"margin-top:0px;margin-bottom:0;padding-top:0;padding-right:0;padding-bottom:0;padding-left:0\">\n<div class=\"wp-block-media-text alignfull is-stacked-on-mobile is-image-fill-element has-custom-white-color has-tertiary-background-color has-text-color has-background\" style=\"grid-template-columns:40% auto\"><figure class=\"wp-block-media-text__media\"><img decoding=\"async\" src=\"https:\/\/kendallkidneycenter.org\/wp-content\/uploads\/2025\/11\/KidneyCenterPhotos-50.jpg\" alt=\"\" class=\"wp-image-854 size-full\" style=\"object-position:50% 50%\"\/><\/figure><div class=\"wp-block-media-text__content\">\n<div class=\"wp-block-group alignwide has-global-padding is-content-justification-left is-layout-constrained wp-container-core-group-is-layout-752c2dbf wp-block-group-is-layout-constrained\" style=\"padding-top:var(--wp--preset--spacing--40);padding-right:0;padding-bottom:var(--wp--preset--spacing--40);padding-left:0px\">\n<h1 class=\"wp-block-heading has-background-color has-text-color has-jost-font-family has-xx-large-font-size\" style=\"margin-top:0px;margin-left:0;padding-top:0px;padding-bottom:0px\" data-aos=\"fade-up\" data-aos-duration=\"1050\">Conozca al Equipo Detr\u00e1s de Su Atenci\u00f3n<\/h1>\n\n\n\n<p data-aos=\"fade-up\" data-aos-duration=\"950\">En Kendall Kidney Center LLC, nuestro equipo de nefr\u00f3logos, enfermeras y personal de apoyo se dedica a mucho m\u00e1s que brindar tratamientos: estamos aqu\u00ed para ofrecer compasi\u00f3n, experiencia y apoyo continuo. Cada miembro de nuestro equipo aporta a\u00f1os de experiencia especializada en el cuidado renal, trabajando juntos para garantizar que cada paciente se sienta respetado, cuidado y seguro durante su proceso de tratamiento.<\/p>\n<\/div>\n<\/div><\/div>\n<\/div>\n\n\n\n<div class=\"wp-block-group alignfull team has-background-background-color has-background has-global-padding is-layout-constrained wp-block-group-is-layout-constrained\" style=\"margin-bottom:var(--wp--preset--spacing--30);padding-top:var(--wp--preset--spacing--40);padding-bottom:var(--wp--preset--spacing--40)\" data-aos=\"fade-up\" data-aos-duration=\"900\">\n<h2 class=\"wp-block-heading has-text-align-center\" style=\"margin-bottom:var(--wp--preset--spacing--40)\"><strong>Nuestro Equipo<\/strong><\/h2>\n\n\n\n<div class=\"wp-block-columns are-vertically-aligned-top is-layout-flex wp-container-core-columns-is-layout-1a5b6337 wp-block-columns-is-layout-flex\" style=\"margin-bottom:var(--wp--preset--spacing--70)\" data-aos=\"fade-up\" data-aos-duration=\"950\">\n<div class=\"wp-block-column is-vertically-aligned-top is-layout-flow wp-block-column-is-layout-flow\" style=\"flex-basis:50%\">\n<div class=\"wp-block-group has-global-padding is-content-justification-center is-layout-constrained wp-block-group-is-layout-constrained\">\n<figure class=\"wp-block-image size-full\" style=\"margin-right:0px;margin-left:0px\"><img decoding=\"async\" src=\"https:\/\/kendallkidneycenter.org\/wp-content\/uploads\/2025\/11\/KidneyCenterPhotos-10.jpg\" alt=\"Dr. Marcos Hernandez Roman, MD \" class=\"wp-image-859\"\/><\/figure>\n\n\n\n<h4 class=\"wp-block-heading\" style=\"margin-bottom:0px;padding-bottom:0px\"><strong>Dr. Marcos Hernandez Roman, MD <\/strong><\/h4>\n\n\n\n<p style=\"margin-top:0px\"><em>Especialista en Nefrolog\u00eda e Hipertensi\u00f3n<\/em><\/p>\n\n\n\n<p>Certificado por la Junta Americana de Medicina Interna (ABIM).<\/p>\n\n\n\n<p><a href=\"mailto:drroman.kendallkidneykenter@gmail.com\">DrRoman.KendallKidneyCenter@gmail.com<\/a><\/p>\n<\/div>\n<\/div>\n\n\n\n<div class=\"wp-block-column is-vertically-aligned-top is-layout-flow wp-block-column-is-layout-flow\" style=\"flex-basis:50%\">\n<div class=\"wp-block-group has-global-padding is-layout-constrained wp-block-group-is-layout-constrained\">\n<figure class=\"wp-block-image size-full\"><img decoding=\"async\" src=\"https:\/\/kendallkidneycenter.org\/wp-content\/uploads\/2025\/11\/KidneyCenterPhotos-2.jpg\" alt=\"Dr. Julio Cesar Romero, MD \" class=\"wp-image-861\"\/><\/figure>\n\n\n\n<h4 class=\"wp-block-heading\" style=\"margin-bottom:0px;padding-bottom:0px\"><strong>Dr. Julio Cesar Romero, MD <\/strong><\/h4>\n\n\n\n<p style=\"margin-top:0px\"><em>Especialista en Nefrolog\u00eda e Hipertensi\u00f3n<\/em><\/p>\n\n\n\n<p>Certificado por la Junta Americana de Medicina Interna (ABIM).<\/p>\n\n\n\n<p><a href=\"mailto:kendallkidneycenter@gmail.com\">kendallkidneycenter@gmail.com<\/a><\/p>\n<\/div>\n<\/div>\n<\/div>\n\n\n\n<div class=\"wp-block-columns are-vertically-aligned-top is-layout-flex wp-container-core-columns-is-layout-658170e2 wp-block-columns-is-layout-flex\" data-aos=\"fade-up\" data-aos-duration=\"900\">\n<div class=\"wp-block-column is-vertically-aligned-top is-layout-flow wp-block-column-is-layout-flow\" style=\"flex-basis:33%\">\n<div class=\"wp-block-group has-global-padding is-layout-constrained wp-block-group-is-layout-constrained\">\n<figure class=\"wp-block-image size-full\"><img decoding=\"async\" src=\"https:\/\/kendallkidneycenter.org\/wp-content\/uploads\/2025\/11\/KidneyCenterPhotos-8.jpg\" alt=\"Yamna Moriyon\" class=\"wp-image-860\"\/><\/figure>\n\n\n\n<h4 class=\"wp-block-heading\"><strong>Yamna Moriyon<\/strong><\/h4>\n\n\n\n<p style=\"margin-top:0px;padding-top:0px\">D.O.N, APRN, FNP-BC<\/p>\n<\/div>\n<\/div>\n\n\n\n<div class=\"wp-block-column is-vertically-aligned-top is-layout-flow wp-block-column-is-layout-flow\" style=\"flex-basis:33%\">\n<div class=\"wp-block-group has-global-padding is-layout-constrained wp-block-group-is-layout-constrained\">\n<figure class=\"wp-block-image size-full\"><img decoding=\"async\" src=\"https:\/\/kendallkidneycenter.org\/wp-content\/uploads\/2025\/11\/KidneyCenterPhotos.jpg\" alt=\"Daly Rodriguez Duran\" class=\"wp-image-858\"\/><\/figure>\n\n\n\n<h4 class=\"wp-block-heading\"><strong>Daly Rodriguez Duran<\/strong><\/h4>\n\n\n\n<p style=\"margin-top:0px;padding-top:0px\">Healthcare Provider Administrator&nbsp;and Manager<\/p>\n\n\n\n<p style=\"margin-top:0px;padding-top:0px\"><\/p>\n\n\n\n<p style=\"margin-top:0px;padding-top:0px\"><\/p>\n<\/div>\n<\/div>\n\n\n\n<div class=\"wp-block-column is-vertically-aligned-top is-layout-flow wp-block-column-is-layout-flow\" style=\"flex-basis:33%\">\n<div class=\"wp-block-group has-global-padding is-layout-constrained wp-block-group-is-layout-constrained\">\n<figure class=\"wp-block-image size-full\"><img loading=\"lazy\" decoding=\"async\" width=\"2048\" height=\"2560\" src=\"https:\/\/kendallkidneycenter.org\/wp-content\/uploads\/2025\/11\/KidneyCenterPhotos-6-scaled.jpg\" alt=\"\" class=\"wp-image-907\" srcset=\"https:\/\/kendallkidneycenter.org\/wp-content\/uploads\/2025\/11\/KidneyCenterPhotos-6-scaled.jpg 2048w, https:\/\/kendallkidneycenter.org\/wp-content\/uploads\/2025\/11\/KidneyCenterPhotos-6-900x1125.jpg 900w, https:\/\/kendallkidneycenter.org\/wp-content\/uploads\/2025\/11\/KidneyCenterPhotos-6-2000x2500.jpg 2000w, https:\/\/kendallkidneycenter.org\/wp-content\/uploads\/2025\/11\/KidneyCenterPhotos-6-768x960.jpg 768w, https:\/\/kendallkidneycenter.org\/wp-content\/uploads\/2025\/11\/KidneyCenterPhotos-6-1229x1536.jpg 1229w, https:\/\/kendallkidneycenter.org\/wp-content\/uploads\/2025\/11\/KidneyCenterPhotos-6-1638x2048.jpg 1638w, https:\/\/kendallkidneycenter.org\/wp-content\/uploads\/2025\/11\/KidneyCenterPhotos-6-10x12.jpg 10w, https:\/\/kendallkidneycenter.org\/wp-content\/uploads\/2025\/11\/KidneyCenterPhotos-6-240x300.jpg 240w, https:\/\/kendallkidneycenter.org\/wp-content\/uploads\/2025\/11\/KidneyCenterPhotos-6-819x1024.jpg 819w\" sizes=\"auto, (max-width: 2048px) 100vw, 2048px\" \/><\/figure>\n\n\n\n<h4 class=\"wp-block-heading\"><strong>Osmany Fadragas<\/strong><\/h4>\n\n\n\n<p style=\"margin-top:0px;padding-top:0px\">Biomed<\/p>\n\n\n\n<p style=\"margin-top:0px;padding-top:0px\"><\/p>\n\n\n\n<p style=\"margin-top:0px;padding-top:0px\"><\/p>\n<\/div>\n<\/div>\n<\/div>\n<\/div>","protected":false},"excerpt":{"rendered":"<p>Meet the Team Behind Your Care At Kendall Kidney Center LLC, our team of nephrologists, nurses, and support staff is dedicated to more than just providing treatment\u2014we are here to offer compassion, expertise, and continuous support. Each member of our team brings years of specialized experience in kidney care, working together to ensure that every [&hellip;]<\/p>\n","protected":false},"author":1,"featured_media":0,"parent":0,"menu_order":0,"comment_status":"closed","ping_status":"closed","template":"","meta":{"footnotes":""},"class_list":["post-650","page","type-page","status-publish","hentry"],"_links":{"self":[{"href":"https:\/\/kendallkidneycenter.org\/es\/wp-json\/wp\/v2\/pages\/650","targetHints":{"allow":["GET"]}}],"collection":[{"href":"https:\/\/kendallkidneycenter.org\/es\/wp-json\/wp\/v2\/pages"}],"about":[{"href":"https:\/\/kendallkidneycenter.org\/es\/wp-json\/wp\/v2\/types\/page"}],"author":[{"embeddable":true,"href":"https:\/\/kendallkidneycenter.org\/es\/wp-json\/wp\/v2\/users\/1"}],"replies":[{"embeddable":true,"href":"https:\/\/kendallkidneycenter.org\/es\/wp-json\/wp\/v2\/comments?post=650"}],"version-history":[{"count":59,"href":"https:\/\/kendallkidneycenter.org\/es\/wp-json\/wp\/v2\/pages\/650\/revisions"}],"predecessor-version":[{"id":1173,"href":"https:\/\/kendallkidneycenter.org\/es\/wp-json\/wp\/v2\/pages\/650\/revisions\/1173"}],"wp:attachment":[{"href":"https:\/\/kendallkidneycenter.org\/es\/wp-json\/wp\/v2\/media?parent=650"}],"curies":[{"name":"wp","href":"https:\/\/api.w.org\/{rel}","templated":true}]}}