{"id":129,"date":"2025-09-10T19:37:48","date_gmt":"2025-09-10T19:37:48","guid":{"rendered":"https:\/\/kendallkidneycenter.org\/services-2\/"},"modified":"2025-11-06T21:53:40","modified_gmt":"2025-11-06T21:53:40","slug":"treatments","status":"publish","type":"page","link":"https:\/\/kendallkidneycenter.org\/es\/treatments\/","title":{"rendered":"Tratamientos"},"content":{"rendered":"<div class=\"wp-block-group alignfull has-background-color has-foreground-background-color has-text-color has-background has-global-padding is-layout-constrained wp-container-core-group-is-layout-25b4359b wp-block-group-is-layout-constrained\" style=\"margin-top:0px;margin-bottom:0;padding-top:0;padding-right:0;padding-bottom:0;padding-left:0\">\n<div class=\"wp-block-media-text alignfull is-stacked-on-mobile is-image-fill-element has-custom-white-color has-tertiary-background-color has-text-color has-background\" style=\"grid-template-columns:30% auto\"><figure class=\"wp-block-media-text__media\"><img loading=\"lazy\" decoding=\"async\" width=\"819\" height=\"1024\" src=\"https:\/\/kendallkidneycenter.org\/wp-content\/uploads\/2025\/11\/KidneyCenterPhotos-62-819x1024.jpg\" alt=\"\" class=\"wp-image-1106 size-full\" style=\"object-position:50% 19%\" srcset=\"https:\/\/kendallkidneycenter.org\/wp-content\/uploads\/2025\/11\/KidneyCenterPhotos-62-819x1024.jpg 819w, https:\/\/kendallkidneycenter.org\/wp-content\/uploads\/2025\/11\/KidneyCenterPhotos-62-900x1125.jpg 900w, https:\/\/kendallkidneycenter.org\/wp-content\/uploads\/2025\/11\/KidneyCenterPhotos-62-2000x2500.jpg 2000w, https:\/\/kendallkidneycenter.org\/wp-content\/uploads\/2025\/11\/KidneyCenterPhotos-62-768x960.jpg 768w, https:\/\/kendallkidneycenter.org\/wp-content\/uploads\/2025\/11\/KidneyCenterPhotos-62-1229x1536.jpg 1229w, https:\/\/kendallkidneycenter.org\/wp-content\/uploads\/2025\/11\/KidneyCenterPhotos-62-1638x2048.jpg 1638w, https:\/\/kendallkidneycenter.org\/wp-content\/uploads\/2025\/11\/KidneyCenterPhotos-62-10x12.jpg 10w, https:\/\/kendallkidneycenter.org\/wp-content\/uploads\/2025\/11\/KidneyCenterPhotos-62-240x300.jpg 240w, https:\/\/kendallkidneycenter.org\/wp-content\/uploads\/2025\/11\/KidneyCenterPhotos-62-scaled.jpg 2048w\" sizes=\"auto, (max-width: 819px) 100vw, 819px\" \/><\/figure><div class=\"wp-block-media-text__content\">\n<div class=\"wp-block-group alignwide has-global-padding is-content-justification-left is-layout-constrained wp-container-core-group-is-layout-216d53c3 wp-block-group-is-layout-constrained\" style=\"padding-top:var(--wp--preset--spacing--70);padding-right:0;padding-bottom:var(--wp--preset--spacing--70);padding-left:0px\">\n<h1 class=\"wp-block-heading has-background-color has-text-color has-jost-font-family has-xx-large-font-size\" style=\"margin-top:0px;margin-left:0;padding-top:0px;padding-bottom:0px\" data-aos=\"fade-up\" data-aos-duration=\"1050\">Nuestros Servicios de Di\u00e1lisis y Atenci\u00f3n al Paciente<\/h1>\n\n\n\n<p class=\"has-medium-font-size\" style=\"margin-top:var(--wp--preset--spacing--20);margin-left:0px\" data-aos=\"fade-up\" data-aos-duration=\"1000\">En Kendall Kidney Center LLC, ofrecemos una gama completa de servicios dise\u00f1ados para apoyar a los pacientes y sus familias en cada etapa del cuidado renal.<\/p>\n<\/div>\n<\/div><\/div>\n<\/div>\n\n\n\n<div class=\"wp-block-columns is-layout-flex wp-container-core-columns-is-layout-0adb00f3 wp-block-columns-is-layout-flex\" style=\"padding-top:var(--wp--preset--spacing--50)\">\n<div class=\"wp-block-column is-layout-flow wp-block-column-is-layout-flow\" style=\"flex-basis:100%\">\n<div class=\"wp-block-group has-global-padding is-layout-constrained wp-block-group-is-layout-constrained\">\n<h2 class=\"wp-block-heading\" style=\"padding-top:0\"><strong>Acerca de la di\u00e1lisis<\/strong><\/h2>\n\n\n\n<p>La di\u00e1lisis es un tipo de tratamiento que ayuda a su cuerpo a eliminar el exceso de l\u00edquidos y productos de desecho de la sangre cuando los ri\u00f1ones no pueden hacerlo. La di\u00e1lisis se utiliz\u00f3 con \u00e9xito por primera vez en la d\u00e9cada de 1940 y se convirti\u00f3 en un tratamiento est\u00e1ndar para la insuficiencia renal a partir de la d\u00e9cada de 1970. Desde entonces, millones de pacientes se han beneficiado de estos tratamientos.<\/p>\n<\/div>\n<\/div>\n<\/div>\n\n\n\n<div class=\"wp-block-columns is-layout-flex wp-container-core-columns-is-layout-28f84493 wp-block-columns-is-layout-flex\">\n<div class=\"wp-block-column is-layout-flow wp-block-column-is-layout-flow\">\n<div class=\"wp-block-group has-global-padding is-layout-constrained wp-block-group-is-layout-constrained\">\n<h2 class=\"wp-block-heading\"><strong>Usos<\/strong><\/h2>\n\n\n\n<ul class=\"wp-block-list\">\n<li><a href=\"https:\/\/www.kidney.org\/atoz\/content\/AcuteKidneyInjury\">Lesi\u00f3n renal aguda (LRA)<\/a>: un episodio repentino de insuficiencia o da\u00f1o renal que ocurre en pocas horas o d\u00edas. La LRA generalmente se trata en un hospital con l\u00edquidos intravenosos (administrados por la vena). En casos graves, tambi\u00e9n puede ser necesaria la di\u00e1lisis por un corto per\u00edodo hasta que los ri\u00f1ones se recuperen.<\/li>\n\n\n\n<li><a href=\"https:\/\/www.kidney.org\/atoz\/content\/KidneyFailure\">Insuficiencia renal<\/a>: cuando queda entre el 10 y el 15\u202f% de la funci\u00f3n renal, medida por un&nbsp;<a href=\"https:\/\/www.kidney.org\/atoz\/content\/gfr\">tasa de filtraci\u00f3n glomerular estimada (TFGe)<\/a>&nbsp;de menos de 15 mL\/min. En esta etapa, sus ri\u00f1ones ya no pueden mantenerlo con vida sin alg\u00fan tipo de ayuda adicional. <\/li>\n<\/ul>\n<\/div>\n<\/div>\n\n\n\n<div class=\"wp-block-column is-layout-flow wp-block-column-is-layout-flow\">\n<div class=\"wp-block-group has-global-padding is-layout-constrained wp-block-group-is-layout-constrained\">\n<h2 class=\"wp-block-heading\"><strong>C\u00f3mo funciona<\/strong><\/h2>\n\n\n\n<p>La di\u00e1lisis realiza algunas de las funciones que normalmente cumplen sus ri\u00f1ones para mantener su cuerpo en equilibrio, tales como:<\/p>\n\n\n\n<ul class=\"wp-block-list\">\n<li>ayudar a regular su presi\u00f3n arterial<\/li>\n\n\n\n<li>eliminar los desechos y el exceso de l\u00edquidos de su cuerpo para evitar que se acumulen<\/li>\n\n\n\n<li>mantener niveles seguros de minerales en la sangre, como potasio, sodio, calcio y bicarbonato<\/li>\n<\/ul>\n<\/div>\n<\/div>\n<\/div>\n\n\n\n<hr class=\"wp-block-separator has-text-color has-secondary-color has-alpha-channel-opacity has-secondary-background-color has-background is-style-wide\" style=\"margin-top:var(--wp--preset--spacing--50);margin-bottom:var(--wp--preset--spacing--50)\"\/>\n\n\n\n<div class=\"wp-block-group alignfull has-background-background-color has-background has-global-padding is-layout-constrained wp-block-group-is-layout-constrained\" id=\"incenter\" style=\"padding-top:var(--wp--preset--spacing--40);padding-bottom:var(--wp--preset--spacing--40)\" data-aos=\"fade-up\" data-aos-duration=\"900\">\n<div class=\"wp-block-columns are-vertically-aligned-center is-layout-flex wp-container-core-columns-is-layout-28f84493 wp-block-columns-is-layout-flex\">\n<div class=\"wp-block-column is-vertically-aligned-center is-layout-flow wp-block-column-is-layout-flow\" style=\"flex-basis:66.66%\">\n<h2 class=\"wp-block-heading has-text-align-left\">Hemodi\u00e1lisis<\/h2>\n\n\n\n<p class=\"has-text-align-left has-medium-font-size\">La hemodi\u00e1lisis en el centro es el tratamiento m\u00e1s com\u00fan para la insuficiencia renal. En Kendall Kidney Center LLC, los pacientes reciben di\u00e1lisis en un ambiente seguro, c\u00f3modo y de apoyo. Con tecnolog\u00eda avanzada, nuestro equipo m\u00e9dico ayuda a eliminar los desechos y el exceso de l\u00edquido de la sangre mientras supervisa su salud en cada paso.<\/p>\n\n\n\n<ul class=\"wp-block-list has-medium-font-size\">\n<li>Tratamientos realizados por enfermeras especializadas y supervisados por nefr\u00f3logos.<\/li>\n\n\n\n<li>Estaciones de tratamiento c\u00f3modas con atenci\u00f3n personalizada.<\/li>\n\n\n\n<li>Monitoreo continuo para garantizar seguridad y efectividad.<\/li>\n\n\n\n<li>Horarios flexibles dise\u00f1ados para adaptarse a su rutina.<\/li>\n<\/ul>\n\n\n\n<div class=\"wp-block-buttons is-layout-flex wp-block-buttons-is-layout-flex\">\n<div class=\"wp-block-button\"><a class=\"wp-block-button__link wp-element-button\" href=\"https:\/\/kendallkidneycenter.org\/es\/treatments\/in-center-hemodialysis\/\">M\u00e1s Informaci\u00f3n<\/a><\/div>\n<\/div>\n<\/div>\n\n\n\n<div class=\"wp-block-column is-vertically-aligned-center is-layout-flow wp-block-column-is-layout-flow\" style=\"flex-basis:33.33%\">\n<figure class=\"wp-block-image size-full has-custom-border\"><img decoding=\"async\" src=\"https:\/\/kendallkidneycenter.org\/wp-content\/uploads\/2025\/11\/KidneyCenterPhotos-87.jpg\" alt=\"\" class=\"wp-image-875\" style=\"border-top-left-radius:40px;border-bottom-right-radius:40px;aspect-ratio:1;object-fit:cover\"\/><\/figure>\n<\/div>\n<\/div>\n<\/div>\n\n\n\n<div class=\"wp-block-group alignfull has-secondary-background-color has-background has-global-padding is-layout-constrained wp-block-group-is-layout-constrained\" id=\"peritoneal\" style=\"padding-top:var(--wp--preset--spacing--40);padding-bottom:var(--wp--preset--spacing--40)\" data-aos=\"fade-up\" data-aos-duration=\"900\">\n<div class=\"wp-block-columns are-vertically-aligned-center is-layout-flex wp-container-core-columns-is-layout-28f84493 wp-block-columns-is-layout-flex\">\n<div class=\"wp-block-column is-vertically-aligned-center is-layout-flow wp-block-column-is-layout-flow\" style=\"flex-basis:33.33%\">\n<figure class=\"wp-block-image size-full has-custom-border\"><img loading=\"lazy\" decoding=\"async\" width=\"2560\" height=\"1707\" src=\"https:\/\/kendallkidneycenter.org\/wp-content\/uploads\/2025\/11\/KidneyCenterPhotos-31-scaled.jpg\" alt=\"\" class=\"wp-image-912\" style=\"border-top-left-radius:40px;border-bottom-right-radius:40px;aspect-ratio:1;object-fit:cover\" srcset=\"https:\/\/kendallkidneycenter.org\/wp-content\/uploads\/2025\/11\/KidneyCenterPhotos-31-scaled.jpg 2560w, https:\/\/kendallkidneycenter.org\/wp-content\/uploads\/2025\/11\/KidneyCenterPhotos-31-900x600.jpg 900w, https:\/\/kendallkidneycenter.org\/wp-content\/uploads\/2025\/11\/KidneyCenterPhotos-31-2000x1333.jpg 2000w, https:\/\/kendallkidneycenter.org\/wp-content\/uploads\/2025\/11\/KidneyCenterPhotos-31-2048x1365.jpg 2048w, https:\/\/kendallkidneycenter.org\/wp-content\/uploads\/2025\/11\/KidneyCenterPhotos-31-768x512.jpg 768w, https:\/\/kendallkidneycenter.org\/wp-content\/uploads\/2025\/11\/KidneyCenterPhotos-31-1536x1024.jpg 1536w, https:\/\/kendallkidneycenter.org\/wp-content\/uploads\/2025\/11\/KidneyCenterPhotos-31-18x12.jpg 18w, https:\/\/kendallkidneycenter.org\/wp-content\/uploads\/2025\/11\/KidneyCenterPhotos-31-300x200.jpg 300w, https:\/\/kendallkidneycenter.org\/wp-content\/uploads\/2025\/11\/KidneyCenterPhotos-31-1024x683.jpg 1024w\" sizes=\"auto, (max-width: 2560px) 100vw, 2560px\" \/><\/figure>\n<\/div>\n\n\n\n<div class=\"wp-block-column is-vertically-aligned-center is-layout-flow wp-block-column-is-layout-flow\" style=\"flex-basis:66.66%\">\n<h2 class=\"wp-block-heading has-text-align-left\">Di\u00e1lisis Peritoneal (DP)<\/h2>\n\n\n\n<p class=\"has-text-align-left has-medium-font-size\">La di\u00e1lisis peritoneal (DP) es una opci\u00f3n de tratamiento flexible que puede realizarse en casa, brindando a los pacientes m\u00e1s independencia y control sobre su cuidado renal. En lugar de usar una m\u00e1quina para filtrar directamente la sangre, la DP utiliza el revestimiento del abdomen (el peritoneo) para eliminar los desechos y el exceso de l\u00edquido mediante una soluci\u00f3n especial de limpieza.<\/p>\n\n\n\n<ul class=\"wp-block-list\">\n<li>Capacitaci\u00f3n y orientaci\u00f3n de nuestro equipo m\u00e9dico antes de comenzar la DP.<\/li>\n\n\n\n<li>La posibilidad de realizar la di\u00e1lisis en casa, en el trabajo o durante viajes.<\/li>\n\n\n\n<li>Seguimiento regular con su nefr\u00f3logo para supervisi\u00f3n continua.<\/li>\n\n\n\n<li>Mayor flexibilidad y comodidad en la vida diaria.<\/li>\n<\/ul>\n\n\n\n<div class=\"wp-block-buttons is-layout-flex wp-block-buttons-is-layout-flex\">\n<div class=\"wp-block-button\"><a class=\"wp-block-button__link wp-element-button\" href=\"https:\/\/kendallkidneycenter.org\/es\/treatments\/peritoneal-dialysis\/\">M\u00e1s Informaci\u00f3n<\/a><\/div>\n<\/div>\n<\/div>\n<\/div>\n<\/div>\n\n\n\n<div class=\"wp-block-group alignfull has-background-background-color has-background has-global-padding is-layout-constrained wp-block-group-is-layout-constrained\" id=\"home\" style=\"padding-top:var(--wp--preset--spacing--40);padding-bottom:var(--wp--preset--spacing--40)\" data-aos=\"fade-up\" data-aos-duration=\"900\">\n<div class=\"wp-block-columns are-vertically-aligned-center is-layout-flex wp-container-core-columns-is-layout-28f84493 wp-block-columns-is-layout-flex\">\n<div class=\"wp-block-column is-vertically-aligned-center is-layout-flow wp-block-column-is-layout-flow\" style=\"flex-basis:66.66%\">\n<h2 class=\"wp-block-heading has-text-align-left\">Apoyo y Capacitaci\u00f3n para Di\u00e1lisis en Casa <\/h2>\n\n\n\n<p class=\"has-text-align-left has-medium-font-size\">Para los pacientes que eligen la di\u00e1lisis en casa, Kendall Kidney Center LLC ofrece capacitaci\u00f3n integral y apoyo continuo. Nuestro objetivo es brindarle a usted y a su familia el conocimiento, las habilidades y la confianza para manejar la di\u00e1lisis de manera segura en la comodidad de su hogar.<\/p>\n\n\n\n<ul class=\"wp-block-list has-medium-font-size\">\n<li>Sesiones de capacitaci\u00f3n personalizadas con enfermeras experimentadas.<\/li>\n\n\n\n<li>Instrucci\u00f3n pr\u00e1ctica para generar confianza antes de comenzar.<\/li>\n\n\n\n<li>Acceso m\u00e9dico 24\/7 para resolver preguntas o inquietudes.<\/li>\n\n\n\n<li>Seguimiento regular para monitorear el progreso y ajustar la atenci\u00f3n.<\/li>\n<\/ul>\n<\/div>\n\n\n\n<div class=\"wp-block-column is-vertically-aligned-center is-layout-flow wp-block-column-is-layout-flow\" style=\"flex-basis:33.33%\">\n<figure class=\"wp-block-image size-full has-custom-border\"><img decoding=\"async\" src=\"https:\/\/kendallkidneycenter.org\/wp-content\/uploads\/2025\/11\/KidneyCenterPhotos-168.jpg\" alt=\"\" class=\"wp-image-873\" style=\"border-top-left-radius:40px;border-bottom-right-radius:40px;aspect-ratio:1;object-fit:cover\"\/><\/figure>\n<\/div>\n<\/div>\n<\/div>\n\n\n\n<div class=\"wp-block-group w-100 has-global-padding is-layout-constrained wp-block-group-is-layout-constrained has-background\" style=\"margin-top:0px;margin-bottom:0px;padding-top:var(--wp--preset--spacing--80);padding-bottom:var(--wp--preset--spacing--80);background-image:url(&apos;https:\/\/kendallkidneycenter.org\/wp-content\/uploads\/2025\/11\/KidneyCenterPhotos-204-scaled.jpg&apos;);background-size:cover;background-attachment:fixed;\">\n<div class=\"wp-block-columns is-layout-flex wp-container-core-columns-is-layout-a54e0cfc wp-block-columns-is-layout-flex\" style=\"padding-top:var(--wp--preset--spacing--60);padding-bottom:var(--wp--preset--spacing--60)\">\n<div class=\"wp-block-column is-vertically-aligned-center has-background is-layout-flow wp-block-column-is-layout-flow\" style=\"background-color:#ffffffb0;padding-top:var(--wp--preset--spacing--40);padding-right:var(--wp--preset--spacing--30);padding-bottom:var(--wp--preset--spacing--40);padding-left:var(--wp--preset--spacing--30)\" data-aos=\"fade-up\" data-aos-duration=\"1000\">\n<h2 class=\"wp-block-heading has-text-align-center has-foreground-color has-text-color has-link-color has-x-large-font-size wp-elements-e40c653a908b2698efcafa0c0b0bbf2b\">\u00bfListo para dar el siguiente paso en su cuidado renal?<\/h2>\n\n\n\n<p class=\"has-text-align-center has-foreground-color has-text-color has-link-color has-medium-font-size wp-elements-a72ce9181883313b4a47c0da005190be\">Comience visitando nuestra p\u00e1gina de Cont\u00e1ctenos o ll\u00e1menos para empezar a trabajar juntos.<\/p>\n\n\n\n<div class=\"wp-block-buttons is-content-justification-center is-layout-flex wp-container-core-buttons-is-layout-41f55948 wp-block-buttons-is-layout-flex\" style=\"margin-top:3rem\">\n<div class=\"wp-block-button is-style-fill\"><a class=\"wp-block-button__link has-background-color has-text-color has-link-color wp-element-button\" href=\"https:\/\/kendallkidneycenter.org\/es\/contact\/\">Comenzar<\/a><\/div>\n<\/div>\n<\/div>\n<\/div>\n<\/div>","protected":false},"excerpt":{"rendered":"<p>Our Dialysis &amp; Patient Care Treatments At Kendall Kidney Center LLC, we provide a complete range of treatments designed to support patients and families throughout every stage of kidney care. About Dialysis Dialysis is a type of treatment that helps your body remove extra fluid and waste products from your blood when the kidneys are [&hellip;]<\/p>\n","protected":false},"author":1,"featured_media":0,"parent":0,"menu_order":0,"comment_status":"closed","ping_status":"closed","template":"","meta":{"footnotes":""},"class_list":["post-129","page","type-page","status-publish","hentry"],"_links":{"self":[{"href":"https:\/\/kendallkidneycenter.org\/es\/wp-json\/wp\/v2\/pages\/129","targetHints":{"allow":["GET"]}}],"collection":[{"href":"https:\/\/kendallkidneycenter.org\/es\/wp-json\/wp\/v2\/pages"}],"about":[{"href":"https:\/\/kendallkidneycenter.org\/es\/wp-json\/wp\/v2\/types\/page"}],"author":[{"embeddable":true,"href":"https:\/\/kendallkidneycenter.org\/es\/wp-json\/wp\/v2\/users\/1"}],"replies":[{"embeddable":true,"href":"https:\/\/kendallkidneycenter.org\/es\/wp-json\/wp\/v2\/comments?post=129"}],"version-history":[{"count":45,"href":"https:\/\/kendallkidneycenter.org\/es\/wp-json\/wp\/v2\/pages\/129\/revisions"}],"predecessor-version":[{"id":1183,"href":"https:\/\/kendallkidneycenter.org\/es\/wp-json\/wp\/v2\/pages\/129\/revisions\/1183"}],"wp:attachment":[{"href":"https:\/\/kendallkidneycenter.org\/es\/wp-json\/wp\/v2\/media?parent=129"}],"curies":[{"name":"wp","href":"https:\/\/api.w.org\/{rel}","templated":true}]}}