{"id":127,"date":"2025-09-10T19:37:47","date_gmt":"2025-09-10T19:37:47","guid":{"rendered":"https:\/\/kendallkidneycenter.org\/about\/"},"modified":"2025-11-06T21:49:14","modified_gmt":"2025-11-06T21:49:14","slug":"about","status":"publish","type":"page","link":"https:\/\/kendallkidneycenter.org\/es\/about\/","title":{"rendered":"Sobre la Cl\u00ednica"},"content":{"rendered":"<div class=\"wp-block-group alignfull has-background-color has-foreground-background-color has-text-color has-background has-global-padding is-layout-constrained wp-container-core-group-is-layout-25b4359b wp-block-group-is-layout-constrained\" style=\"margin-top:0px;margin-bottom:0;padding-top:0;padding-right:0;padding-bottom:0;padding-left:0\">\n<div class=\"wp-block-media-text alignfull is-stacked-on-mobile has-custom-white-color has-tertiary-background-color has-text-color has-background\" style=\"grid-template-columns:40% auto\"><figure class=\"wp-block-media-text__media\"><img decoding=\"async\" src=\"https:\/\/kendallkidneycenter.org\/wp-content\/uploads\/2025\/11\/KidneyCenterPhotos-37.jpg\" alt=\"\" class=\"wp-image-850 size-full\"\/><\/figure><div class=\"wp-block-media-text__content\">\n<div class=\"wp-block-group alignwide has-global-padding is-content-justification-left is-layout-constrained wp-container-core-group-is-layout-91fd40c4 wp-block-group-is-layout-constrained\" style=\"padding-top:var(--wp--preset--spacing--50);padding-right:0;padding-bottom:var(--wp--preset--spacing--50);padding-left:0px\">\n<h1 class=\"wp-block-heading has-background-color has-text-color has-avenir-next-condensed-font-family has-xx-large-font-size\" style=\"margin-top:0px;margin-left:0;padding-top:0px;padding-bottom:0px\" data-aos=\"fade-up\" data-aos-duration=\"1050\">Sobre la Cl\u00ednica<\/h1>\n\n\n\n<p class=\"has-avenir-next-condensed-font-family has-medium-font-size\" style=\"margin-top:var(--wp--preset--spacing--20);margin-left:0px\" data-aos=\"fade-up\" data-aos-duration=\"1000\">En Kendall Kidney Center LLC, vamos m\u00e1s all\u00e1 del tratamiento de di\u00e1lisis para brindar atenci\u00f3n personalizada y compasiva a cada paciente.<\/p>\n<\/div>\n<\/div><\/div>\n<\/div>\n\n\n\n<h2 class=\"wp-block-heading has-text-align-center w- has-avenir-next-condensed-font-family\" style=\"padding-top:var(--wp--preset--spacing--50)\"><strong>Nuestro Compromiso con Su Salud Renal<\/strong><\/h2>\n\n\n\n<div class=\"wp-block-columns is-layout-flex wp-container-core-columns-is-layout-28f84493 wp-block-columns-is-layout-flex\">\n<div class=\"wp-block-column is-layout-flow wp-block-column-is-layout-flow\">\n<p class=\"has-text-align-left\">Cada paciente es \u00fanico, y su plan de atenci\u00f3n tambi\u00e9n lo es. Creemos que el tratamiento no solo debe ser efectivo, sino tambi\u00e9n brindarse con respeto, empat\u00eda y apoyo para su estilo de vida y bienestar.<\/p>\n\n\n\n<p class=\"has-text-align-left\">Nuestro equipo de nefr\u00f3logos, enfermeras y personal de apoyo combina a\u00f1os de experiencia con un enfoque centrado en el paciente. Nos aseguramos de que se sienta respaldado en cada etapa de su tratamiento de di\u00e1lisis.<\/p>\n<\/div>\n\n\n\n<div class=\"wp-block-column is-layout-flow wp-block-column-is-layout-flow\">\n<p class=\"has-text-align-left\">Nuestros m\u00e9dicos han recibido una formaci\u00f3n extensa m\u00e1s all\u00e1 de la escuela de medicina. Est\u00e1n certificados por la Junta Americana de Medicina Interna en Nefrolog\u00eda. Adem\u00e1s, cada uno de los m\u00e9dicos mantiene sus habilidades mediante educaci\u00f3n continua, incluyendo actualizaciones educativas intensivas y cursos de repaso.<\/p>\n\n\n\n<p>Tambi\u00e9n se brindan servicios a pacientes que requieren hemodi\u00e1lisis y di\u00e1lisis peritoneal, ofreciendo una variedad de modalidades tanto en el centro como en el hogar.<\/p>\n<\/div>\n<\/div>\n\n\n\n<div class=\"wp-block-buttons is-content-justification-center is-layout-flex wp-container-core-buttons-is-layout-1ae2663a wp-block-buttons-is-layout-flex\" style=\"padding-bottom:var(--wp--preset--spacing--50)\">\n<div class=\"wp-block-button is-style-outline is-style-outline--1\"><a class=\"wp-block-button__link wp-element-button\" href=\"https:\/\/kendallkidneycenter.org\/es\/contact\/\">Cont\u00e1ctenos<\/a><\/div>\n<\/div>\n\n\n\n<div class=\"wp-block-group alignfull has-secondary-background-color has-background has-global-padding is-layout-constrained wp-block-group-is-layout-constrained\" style=\"padding-top:var(--wp--preset--spacing--40);padding-bottom:var(--wp--preset--spacing--40)\" data-aos=\"fade-up\" data-aos-duration=\"900\">\n<div class=\"wp-block-columns alignwide are-vertically-aligned-center is-layout-flex wp-container-core-columns-is-layout-28f84493 wp-block-columns-is-layout-flex\">\n<div class=\"wp-block-column is-vertically-aligned-center is-layout-flow wp-block-column-is-layout-flow\" style=\"flex-basis:60%\">\n<h2 class=\"wp-block-heading has-text-align-left has-avenir-next-condensed-font-family\"><strong>Nuestro Enfoque en la Atenci\u00f3n al Paciente<\/strong><\/h2>\n\n\n\n<p class=\"has-text-align-left has-medium-font-size\">Ofrecemos orientaci\u00f3n integral, desde educaci\u00f3n y capacitaci\u00f3n para opciones de di\u00e1lisis en casa hasta supervisi\u00f3n continua durante los tratamientos en el centro. Nuestro objetivo es brindar a los pacientes conocimiento, confianza y comodidad.<\/p>\n<\/div>\n\n\n\n<div class=\"wp-block-column is-vertically-aligned-center is-layout-flow wp-block-column-is-layout-flow\" style=\"flex-basis:40%\">\n<figure class=\"wp-block-image size-full has-custom-border\"><img loading=\"lazy\" decoding=\"async\" width=\"2560\" height=\"1707\" src=\"https:\/\/kendallkidneycenter.org\/wp-content\/uploads\/2025\/11\/KidneyCenterPhotos-23-scaled.jpg\" alt=\"\" class=\"wp-image-1039\" style=\"border-top-left-radius:40px;border-bottom-right-radius:40px;aspect-ratio:1;object-fit:cover\" srcset=\"https:\/\/kendallkidneycenter.org\/wp-content\/uploads\/2025\/11\/KidneyCenterPhotos-23-scaled.jpg 2560w, https:\/\/kendallkidneycenter.org\/wp-content\/uploads\/2025\/11\/KidneyCenterPhotos-23-900x600.jpg 900w, https:\/\/kendallkidneycenter.org\/wp-content\/uploads\/2025\/11\/KidneyCenterPhotos-23-2000x1333.jpg 2000w, https:\/\/kendallkidneycenter.org\/wp-content\/uploads\/2025\/11\/KidneyCenterPhotos-23-2048x1365.jpg 2048w, https:\/\/kendallkidneycenter.org\/wp-content\/uploads\/2025\/11\/KidneyCenterPhotos-23-768x512.jpg 768w, https:\/\/kendallkidneycenter.org\/wp-content\/uploads\/2025\/11\/KidneyCenterPhotos-23-1536x1024.jpg 1536w, https:\/\/kendallkidneycenter.org\/wp-content\/uploads\/2025\/11\/KidneyCenterPhotos-23-18x12.jpg 18w, https:\/\/kendallkidneycenter.org\/wp-content\/uploads\/2025\/11\/KidneyCenterPhotos-23-300x200.jpg 300w, https:\/\/kendallkidneycenter.org\/wp-content\/uploads\/2025\/11\/KidneyCenterPhotos-23-1024x683.jpg 1024w\" sizes=\"auto, (max-width: 2560px) 100vw, 2560px\" \/><\/figure>\n<\/div>\n<\/div>\n<\/div>\n\n\n\n<div class=\"wp-block-group w-100 has-global-padding is-layout-constrained wp-container-core-group-is-layout-48359172 wp-block-group-is-layout-constrained has-background\" style=\"margin-top:0px;margin-bottom:0px;padding-top:var(--wp--preset--spacing--80);padding-right:0px;padding-bottom:var(--wp--preset--spacing--80);padding-left:0px;background-image:url(&apos;https:\/\/kendallkidneycenter.org\/wp-content\/uploads\/2025\/11\/KidneyCenterPhotos-19-scaled.jpg&apos;);background-size:cover;background-attachment:fixed;\">\n<div class=\"wp-block-columns is-layout-flex wp-container-core-columns-is-layout-a54e0cfc wp-block-columns-is-layout-flex\" style=\"padding-top:var(--wp--preset--spacing--60);padding-bottom:var(--wp--preset--spacing--60)\">\n<div class=\"wp-block-column is-vertically-aligned-center has-background is-layout-flow wp-block-column-is-layout-flow\" style=\"background-color:#ffffffb0;padding-top:var(--wp--preset--spacing--40);padding-right:var(--wp--preset--spacing--30);padding-bottom:var(--wp--preset--spacing--40);padding-left:var(--wp--preset--spacing--30)\" data-aos=\"fade-up\" data-aos-duration=\"1000\">\n<h2 class=\"wp-block-heading has-text-align-center has-foreground-color has-text-color has-link-color has-x-large-font-size wp-elements-e85d68c4e77f8b8f9527562d2b9ffdeb\">Descubra la diferencia que puede hacer una atenci\u00f3n compasiva.<\/h2>\n\n\n\n<p class=\"has-text-align-center has-foreground-color has-text-color has-link-color has-medium-font-size wp-elements-aa8654daf5d06b0d1d91d8ca33883c3f\">Cont\u00e1ctenos hoy para obtener m\u00e1s informaci\u00f3n o para programar una consulta.<\/p>\n\n\n\n<div class=\"wp-block-buttons is-content-justification-center is-layout-flex wp-container-core-buttons-is-layout-41f55948 wp-block-buttons-is-layout-flex\" style=\"margin-top:3rem\">\n<div class=\"wp-block-button is-style-fill\"><a class=\"wp-block-button__link has-background-color has-text-color has-link-color wp-element-button\" href=\"https:\/\/kendallkidneycenter.org\/es\/contact\/\">Cont\u00e1ctenos<\/a><\/div>\n<\/div>\n<\/div>\n<\/div>\n<\/div>","protected":false},"excerpt":{"rendered":"<p>About Us At Kendall Kidney Center LLC, we go beyond dialysis treatments to provide compassionate, personalized care for every patient. Our Commitment to Your Kidney Health Every patient is unique, and so is their care plan. We believe that treatment should not only be effective but also delivered with respect, empathy, and support for your [&hellip;]<\/p>\n","protected":false},"author":1,"featured_media":0,"parent":0,"menu_order":0,"comment_status":"closed","ping_status":"closed","template":"","meta":{"footnotes":""},"class_list":["post-127","page","type-page","status-publish","hentry"],"_links":{"self":[{"href":"https:\/\/kendallkidneycenter.org\/es\/wp-json\/wp\/v2\/pages\/127","targetHints":{"allow":["GET"]}}],"collection":[{"href":"https:\/\/kendallkidneycenter.org\/es\/wp-json\/wp\/v2\/pages"}],"about":[{"href":"https:\/\/kendallkidneycenter.org\/es\/wp-json\/wp\/v2\/types\/page"}],"author":[{"embeddable":true,"href":"https:\/\/kendallkidneycenter.org\/es\/wp-json\/wp\/v2\/users\/1"}],"replies":[{"embeddable":true,"href":"https:\/\/kendallkidneycenter.org\/es\/wp-json\/wp\/v2\/comments?post=127"}],"version-history":[{"count":104,"href":"https:\/\/kendallkidneycenter.org\/es\/wp-json\/wp\/v2\/pages\/127\/revisions"}],"predecessor-version":[{"id":1182,"href":"https:\/\/kendallkidneycenter.org\/es\/wp-json\/wp\/v2\/pages\/127\/revisions\/1182"}],"wp:attachment":[{"href":"https:\/\/kendallkidneycenter.org\/es\/wp-json\/wp\/v2\/media?parent=127"}],"curies":[{"name":"wp","href":"https:\/\/api.w.org\/{rel}","templated":true}]}}