{"id":1191,"date":"2025-11-06T22:11:14","date_gmt":"2025-11-06T22:11:14","guid":{"rendered":"https:\/\/kendallkidneycenter.org\/?page_id=1191"},"modified":"2025-11-06T22:25:52","modified_gmt":"2025-11-06T22:25:52","slug":"biomedicine-dialysis","status":"publish","type":"page","link":"https:\/\/kendallkidneycenter.org\/es\/about\/biomedicine-dialysis\/","title":{"rendered":"Biomedicina en la Di\u00e1lisis"},"content":{"rendered":"<div class=\"wp-block-group alignfull has-background-color has-foreground-background-color has-text-color has-background has-global-padding is-layout-constrained wp-container-core-group-is-layout-25b4359b wp-block-group-is-layout-constrained\" style=\"margin-top:0px;margin-bottom:0;padding-top:0;padding-right:0;padding-bottom:0;padding-left:0\">\n<div class=\"wp-block-media-text alignfull is-stacked-on-mobile has-custom-white-color has-tertiary-background-color has-text-color has-background\" style=\"grid-template-columns:40% auto\"><figure class=\"wp-block-media-text__media\"><img loading=\"lazy\" decoding=\"async\" width=\"2000\" height=\"1333\" src=\"https:\/\/kendallkidneycenter.org\/wp-content\/uploads\/2025\/11\/KidneyCenterPhotos-112-2000x1333.jpg\" alt=\"\" class=\"wp-image-1049 size-full\" srcset=\"https:\/\/kendallkidneycenter.org\/wp-content\/uploads\/2025\/11\/KidneyCenterPhotos-112-2000x1333.jpg 2000w, https:\/\/kendallkidneycenter.org\/wp-content\/uploads\/2025\/11\/KidneyCenterPhotos-112-900x600.jpg 900w, https:\/\/kendallkidneycenter.org\/wp-content\/uploads\/2025\/11\/KidneyCenterPhotos-112-2048x1365.jpg 2048w, https:\/\/kendallkidneycenter.org\/wp-content\/uploads\/2025\/11\/KidneyCenterPhotos-112-768x512.jpg 768w, https:\/\/kendallkidneycenter.org\/wp-content\/uploads\/2025\/11\/KidneyCenterPhotos-112-1536x1024.jpg 1536w, https:\/\/kendallkidneycenter.org\/wp-content\/uploads\/2025\/11\/KidneyCenterPhotos-112-18x12.jpg 18w, https:\/\/kendallkidneycenter.org\/wp-content\/uploads\/2025\/11\/KidneyCenterPhotos-112-300x200.jpg 300w, https:\/\/kendallkidneycenter.org\/wp-content\/uploads\/2025\/11\/KidneyCenterPhotos-112-1024x683.jpg 1024w\" sizes=\"auto, (max-width: 2000px) 100vw, 2000px\" \/><\/figure><div class=\"wp-block-media-text__content\">\n<div class=\"wp-block-group alignwide has-global-padding is-content-justification-left is-layout-constrained wp-container-core-group-is-layout-91fd40c4 wp-block-group-is-layout-constrained\" style=\"padding-top:var(--wp--preset--spacing--50);padding-right:0;padding-bottom:var(--wp--preset--spacing--50);padding-left:0px\">\n<h1 class=\"wp-block-heading has-background-color has-text-color has-avenir-next-condensed-font-family has-xx-large-font-size\" style=\"margin-top:0px;margin-left:0;padding-top:0px;padding-bottom:0px\" data-aos=\"fade-up\" data-aos-duration=\"1050\">Biomedicina en la Di\u00e1lisis<\/h1>\n<\/div>\n<\/div><\/div>\n<\/div>\n\n\n\n<div class=\"wp-block-columns is-layout-flex wp-container-core-columns-is-layout-a54e0cfc wp-block-columns-is-layout-flex\" style=\"padding-top:var(--wp--preset--spacing--60);padding-bottom:var(--wp--preset--spacing--60)\">\n<div class=\"wp-block-column is-layout-flow wp-block-column-is-layout-flow\">\n<figure class=\"wp-block-image size-large has-custom-border\"><img loading=\"lazy\" decoding=\"async\" width=\"2000\" height=\"1333\" src=\"https:\/\/kendallkidneycenter.org\/wp-content\/uploads\/2025\/11\/KidneyCenterPhotos-117-2000x1333.jpg\" alt=\"\" class=\"wp-image-1095\" style=\"border-top-left-radius:25px;border-bottom-right-radius:25px\" srcset=\"https:\/\/kendallkidneycenter.org\/wp-content\/uploads\/2025\/11\/KidneyCenterPhotos-117-2000x1333.jpg 2000w, https:\/\/kendallkidneycenter.org\/wp-content\/uploads\/2025\/11\/KidneyCenterPhotos-117-900x600.jpg 900w, https:\/\/kendallkidneycenter.org\/wp-content\/uploads\/2025\/11\/KidneyCenterPhotos-117-2048x1365.jpg 2048w, https:\/\/kendallkidneycenter.org\/wp-content\/uploads\/2025\/11\/KidneyCenterPhotos-117-768x512.jpg 768w, https:\/\/kendallkidneycenter.org\/wp-content\/uploads\/2025\/11\/KidneyCenterPhotos-117-1536x1024.jpg 1536w, https:\/\/kendallkidneycenter.org\/wp-content\/uploads\/2025\/11\/KidneyCenterPhotos-117-18x12.jpg 18w, https:\/\/kendallkidneycenter.org\/wp-content\/uploads\/2025\/11\/KidneyCenterPhotos-117-300x200.jpg 300w, https:\/\/kendallkidneycenter.org\/wp-content\/uploads\/2025\/11\/KidneyCenterPhotos-117-1024x683.jpg 1024w\" sizes=\"auto, (max-width: 2000px) 100vw, 2000px\" \/><\/figure>\n<\/div>\n\n\n\n<div class=\"wp-block-column is-layout-flow wp-block-column-is-layout-flow\">\n<p class=\"has-text-align-left\">La biomedicina combina principios de biolog\u00eda, qu\u00edmica, f\u00edsica e ingenier\u00eda para comprender y tratar enfermedades.<\/p>\n\n\n\n<p class=\"has-text-align-left\">En di\u00e1lisis, se enfoca en la interacci\u00f3n biol\u00f3gica entre el cuerpo del paciente y la m\u00e1quina de di\u00e1lisis, garantizando una purificaci\u00f3n de la sangre eficaz y segura.<\/p>\n\n\n\n<p>Biomedicina en di\u00e1lisis = Biolog\u00eda + Ingenier\u00eda + Atenci\u00f3n al paciente.<br>Es el puente entre la ciencia m\u00e9dica y la tecnolog\u00eda, asegurando que los pacientes con insuficiencia renal reciban un tratamiento seguro, eficaz y personalizado.<\/p>\n<\/div>\n<\/div>","protected":false},"excerpt":{"rendered":"<p>Biomedicine in Dialysis Biomedicine combines principles of biology, chemistry, physics, and engineering to understand and treat diseases. In dialysis, it focuses on the biological interaction between the patient\u2019s body and the dialysis machine, ensuring effective and safe blood purification. Biomedicine in dialysis = Biology + Engineering + Patient care.It\u2019s the bridge between medical science and [&hellip;]<\/p>\n","protected":false},"author":1,"featured_media":0,"parent":127,"menu_order":0,"comment_status":"closed","ping_status":"closed","template":"","meta":{"footnotes":""},"class_list":["post-1191","page","type-page","status-publish","hentry"],"_links":{"self":[{"href":"https:\/\/kendallkidneycenter.org\/es\/wp-json\/wp\/v2\/pages\/1191","targetHints":{"allow":["GET"]}}],"collection":[{"href":"https:\/\/kendallkidneycenter.org\/es\/wp-json\/wp\/v2\/pages"}],"about":[{"href":"https:\/\/kendallkidneycenter.org\/es\/wp-json\/wp\/v2\/types\/page"}],"author":[{"embeddable":true,"href":"https:\/\/kendallkidneycenter.org\/es\/wp-json\/wp\/v2\/users\/1"}],"replies":[{"embeddable":true,"href":"https:\/\/kendallkidneycenter.org\/es\/wp-json\/wp\/v2\/comments?post=1191"}],"version-history":[{"count":10,"href":"https:\/\/kendallkidneycenter.org\/es\/wp-json\/wp\/v2\/pages\/1191\/revisions"}],"predecessor-version":[{"id":1202,"href":"https:\/\/kendallkidneycenter.org\/es\/wp-json\/wp\/v2\/pages\/1191\/revisions\/1202"}],"up":[{"embeddable":true,"href":"https:\/\/kendallkidneycenter.org\/es\/wp-json\/wp\/v2\/pages\/127"}],"wp:attachment":[{"href":"https:\/\/kendallkidneycenter.org\/es\/wp-json\/wp\/v2\/media?parent=1191"}],"curies":[{"name":"wp","href":"https:\/\/api.w.org\/{rel}","templated":true}]}}